{"id":314,"date":"2025-08-19T09:21:13","date_gmt":"2025-08-19T09:21:13","guid":{"rendered":"https:\/\/vokore.de\/?page_id=314"},"modified":"2026-01-07T07:22:15","modified_gmt":"2026-01-07T07:22:15","slug":"impressum","status":"publish","type":"page","link":"https:\/\/vokore.de\/en\/impressum\/","title":{"rendered":"Imprint"},"content":{"rendered":"<p>[et_pb_section fb_built=&#8220;1&#8243; admin_label=&#8220;HERO&#8220; _builder_version=&#8220;4.27.4&#8243; use_background_color_gradient=&#8220;on&#8220; background_color_gradient_direction=&#8220;90deg&#8220; background_color_gradient_stops=&#8220;rgba(0,0,0,0.5) 0%|rgba(0,0,0,0) 100%&#8220; background_color_gradient_overlays_image=&#8220;on&#8220; background_color_gradient_start=&#8220;rgba(0,0,0,0.5)&#8220; background_color_gradient_end=&#8220;rgba(0,0,0,0)&#8220; background_enable_image=&#8220;off&#8220; background_enable_video_mp4=&#8220;off&#8220; global_colors_info=&#8220;{}&#8220;][et_pb_row column_structure=&#8220;3_5,2_5&#8243; module_class=&#8220;start-hero-row&#8220; _builder_version=&#8220;4.27.4&#8243; custom_padding=&#8220;100px||100px||true|false&#8220; global_colors_info=&#8220;{}&#8220;][et_pb_column type=&#8220;3_5&#8243; _builder_version=&#8220;4.16&#8243; animation_style=&#8220;slide&#8220; animation_direction=&#8220;left&#8220; animation_duration=&#8220;2000ms&#8220; animation_intensity_slide=&#8220;8%&#8220; global_colors_info=&#8220;{}&#8220;][et_pb_text module_class=&#8220;highlight-label&#8220; _builder_version=&#8220;4.27.4&#8243; text_font=&#8220;|700||on|||||&#8220; text_text_color=&#8220;#d62828&#8243; text_font_size=&#8220;15px&#8220; text_letter_spacing=&#8220;4px&#8220; background_color=&#8220;#000000&#8243; custom_margin=&#8220;||0px|-10px|false|false&#8220; custom_padding=&#8220;5px|10px|3px|10px|false|true&#8220; custom_css_main_element=&#8220;width: fit-content;&#8220; global_colors_info=&#8220;{}&#8220;]<\/span>RECHTLICHE ANGABEN<\/span>[\/et_pb_text][et_pb_text _builder_version=&#8220;4.27.4&#8243; header_font=&#8220;|700|||||||&#8220; header_text_color=&#8220;#FFFFFF&#8220; header_font_size=&#8220;60px&#8220; global_colors_info=&#8220;{}&#8220;]<\/p>\n<h1>Imprint<\/h1>\n<p>[\/et_pb_text][\/et_pb_column][et_pb_column type=&#8220;2_5&#8243; _builder_version=&#8220;4.16&#8243; global_colors_info=&#8220;{}&#8220;][\/et_pb_column][\/et_pb_row][\/et_pb_section][et_pb_section fb_built=&#8220;1&#8243; _builder_version=&#8220;4.27.4&#8243; _module_preset=&#8220;default&#8220; global_colors_info=&#8220;{}&#8220;][et_pb_row _builder_version=&#8220;4.27.4&#8243; _module_preset=&#8220;default&#8220; global_colors_info=&#8220;{}&#8220;][et_pb_column type=&#8220;4_4&#8243; _builder_version=&#8220;4.27.4&#8243; _module_preset=&#8220;default&#8220; global_colors_info=&#8220;{}&#8220;][et_pb_text _builder_version=&#8220;4.27.5&#8243; _module_preset=&#8220;default&#8220; hover_enabled=&#8220;0&#8243; global_colors_info=&#8220;{}&#8220; sticky_enabled=&#8220;0&#8243;]<\/p>\n<p><strong>Anschrift \/ Address:<\/strong><br \/>VOKORE Maschinenmesser-Fabrik GmbH<br \/>Solinger Strasse 119<br \/>42857 Remscheid<\/p>\n<p><strong>Gesch\u00e4ftsf\u00fchrer \/ Managing Director:<\/strong><br \/>Barbara Konradt-Aktas<\/p>\n<p><strong>Telefon \/ Phone:<\/strong><a href=\"tel:+49219178225550\">+49 2191 782255-0<\/a><br \/><strong>Fax:<\/strong> +49 2191 777 90<br \/><strong>Email:<\/strong> <a href=\"mailto:info@vokore.de\">info@vokore.de<\/a><\/p>\n<p><strong>Eingetragen im \/ Registered in:<\/strong><br \/>Registergericht Wuppertal HRB 11325<\/p>\n<p><strong>USt-Id-Nr. \/ VAT number:<\/strong><br \/>DE811485812<\/p>\n<p>[\/et_pb_text][\/et_pb_column][\/et_pb_row][\/et_pb_section]<\/p>","protected":false},"excerpt":{"rendered":"<p>RECHTLICHE ANGABENImpressumAnschrift \/ Address:VOKORE Maschinenmesser-Fabrik GmbHSolinger Strasse 11942857 Remscheid Gesch\u00e4ftsf\u00fchrer \/ Managing Director:Barbara Konradt-Aktas Telefon \/ Phone:+49 2191 782255-0Fax: +49 2191 777 90Email: info@vokore.de Eingetragen im \/ Registered in:Registergericht Wuppertal HRB 11325 USt-Id-Nr. \/ VAT number:DE811485812<\/p>","protected":false},"author":1,"featured_media":0,"parent":0,"menu_order":0,"comment_status":"closed","ping_status":"closed","template":"","meta":{"_et_pb_use_builder":"on","_et_pb_old_content":"","_et_gb_content_width":"","footnotes":""},"class_list":["post-314","page","type-page","status-publish","hentry"],"yoast_head":"<!-- This site is optimized with the Yoast SEO plugin v26.7 - https:\/\/yoast.com\/wordpress\/plugins\/seo\/ -->\n<title>Impressum | Vokore Pr\u00e4zisionsmesser<\/title>\n<meta name=\"description\" content=\"Impressum der Vokore GmbH. Hersteller von Pr\u00e4zisionsmessern f\u00fcr Wellpappenanlagen, Kreisscheren &amp; Weiterverarbeitung.\" \/>\n<meta name=\"robots\" content=\"index, follow, max-snippet:-1, max-image-preview:large, max-video-preview:-1\" \/>\n<link rel=\"canonical\" href=\"https:\/\/vokore.de\/en\/impressum\/\" \/>\n<meta property=\"og:locale\" content=\"en_GB\" \/>\n<meta property=\"og:type\" content=\"article\" \/>\n<meta property=\"og:title\" content=\"Impressum | Vokore Pr\u00e4zisionsmesser\" \/>\n<meta property=\"og:description\" content=\"Impressum der Vokore GmbH. Hersteller von Pr\u00e4zisionsmessern f\u00fcr Wellpappenanlagen, Kreisscheren &amp; Weiterverarbeitung.\" \/>\n<meta property=\"og:url\" content=\"https:\/\/vokore.de\/en\/impressum\/\" \/>\n<meta property=\"og:site_name\" content=\"vokore\" \/>\n<meta property=\"article:modified_time\" content=\"2026-01-07T07:22:15+00:00\" \/>\n<meta name=\"twitter:card\" content=\"summary_large_image\" \/>\n<meta name=\"twitter:label1\" content=\"Estimated reading time\" \/>\n\t<meta name=\"twitter:data1\" content=\"1 minute\" \/>\n<script type=\"application\/ld+json\" class=\"yoast-schema-graph\">{\"@context\":\"https:\/\/schema.org\",\"@graph\":[{\"@type\":\"WebPage\",\"@id\":\"https:\/\/vokore.de\/impressum\/\",\"url\":\"https:\/\/vokore.de\/impressum\/\",\"name\":\"Impressum | Vokore Pr\u00e4zisionsmesser\",\"isPartOf\":{\"@id\":\"https:\/\/vokore.aweos.dev\/#website\"},\"datePublished\":\"2025-08-19T09:21:13+00:00\",\"dateModified\":\"2026-01-07T07:22:15+00:00\",\"description\":\"Impressum der Vokore GmbH. Hersteller von Pr\u00e4zisionsmessern f\u00fcr Wellpappenanlagen, Kreisscheren & Weiterverarbeitung.\",\"breadcrumb\":{\"@id\":\"https:\/\/vokore.de\/impressum\/#breadcrumb\"},\"inLanguage\":\"en-GB\",\"potentialAction\":[{\"@type\":\"ReadAction\",\"target\":[\"https:\/\/vokore.de\/impressum\/\"]}]},{\"@type\":\"BreadcrumbList\",\"@id\":\"https:\/\/vokore.de\/impressum\/#breadcrumb\",\"itemListElement\":[{\"@type\":\"ListItem\",\"position\":1,\"name\":\"Start\",\"item\":\"https:\/\/vokore.de\/\"},{\"@type\":\"ListItem\",\"position\":2,\"name\":\"Impressum\"}]},{\"@type\":\"WebSite\",\"@id\":\"https:\/\/vokore.aweos.dev\/#website\",\"url\":\"https:\/\/vokore.aweos.dev\/\",\"name\":\"vokore\",\"description\":\"\",\"potentialAction\":[{\"@type\":\"SearchAction\",\"target\":{\"@type\":\"EntryPoint\",\"urlTemplate\":\"https:\/\/vokore.aweos.dev\/?s={search_term_string}\"},\"query-input\":{\"@type\":\"PropertyValueSpecification\",\"valueRequired\":true,\"valueName\":\"search_term_string\"}}],\"inLanguage\":\"en-GB\"}]}<\/script>\n<!-- \/ Yoast SEO plugin. -->","yoast_head_json":{"title":"Impressum | Vokore Pr\u00e4zisionsmesser","description":"Impressum der Vokore GmbH. Hersteller von Pr\u00e4zisionsmessern f\u00fcr Wellpappenanlagen, Kreisscheren & Weiterverarbeitung.","robots":{"index":"index","follow":"follow","max-snippet":"max-snippet:-1","max-image-preview":"max-image-preview:large","max-video-preview":"max-video-preview:-1"},"canonical":"https:\/\/vokore.de\/en\/impressum\/","og_locale":"en_GB","og_type":"article","og_title":"Impressum | Vokore Pr\u00e4zisionsmesser","og_description":"Impressum der Vokore GmbH. Hersteller von Pr\u00e4zisionsmessern f\u00fcr Wellpappenanlagen, Kreisscheren & Weiterverarbeitung.","og_url":"https:\/\/vokore.de\/en\/impressum\/","og_site_name":"vokore","article_modified_time":"2026-01-07T07:22:15+00:00","twitter_card":"summary_large_image","twitter_misc":{"Estimated reading time":"1 minute"},"schema":{"@context":"https:\/\/schema.org","@graph":[{"@type":"WebPage","@id":"https:\/\/vokore.de\/impressum\/","url":"https:\/\/vokore.de\/impressum\/","name":"Impressum | Vokore Pr\u00e4zisionsmesser","isPartOf":{"@id":"https:\/\/vokore.aweos.dev\/#website"},"datePublished":"2025-08-19T09:21:13+00:00","dateModified":"2026-01-07T07:22:15+00:00","description":"Impressum der Vokore GmbH. Hersteller von Pr\u00e4zisionsmessern f\u00fcr Wellpappenanlagen, Kreisscheren & Weiterverarbeitung.","breadcrumb":{"@id":"https:\/\/vokore.de\/impressum\/#breadcrumb"},"inLanguage":"en-GB","potentialAction":[{"@type":"ReadAction","target":["https:\/\/vokore.de\/impressum\/"]}]},{"@type":"BreadcrumbList","@id":"https:\/\/vokore.de\/impressum\/#breadcrumb","itemListElement":[{"@type":"ListItem","position":1,"name":"Start","item":"https:\/\/vokore.de\/"},{"@type":"ListItem","position":2,"name":"Impressum"}]},{"@type":"WebSite","@id":"https:\/\/vokore.aweos.dev\/#website","url":"https:\/\/vokore.aweos.dev\/","name":"vokore","description":"","potentialAction":[{"@type":"SearchAction","target":{"@type":"EntryPoint","urlTemplate":"https:\/\/vokore.aweos.dev\/?s={search_term_string}"},"query-input":{"@type":"PropertyValueSpecification","valueRequired":true,"valueName":"search_term_string"}}],"inLanguage":"en-GB"}]}},"_links":{"self":[{"href":"https:\/\/vokore.de\/en\/wp-json\/wp\/v2\/pages\/314","targetHints":{"allow":["GET"]}}],"collection":[{"href":"https:\/\/vokore.de\/en\/wp-json\/wp\/v2\/pages"}],"about":[{"href":"https:\/\/vokore.de\/en\/wp-json\/wp\/v2\/types\/page"}],"author":[{"embeddable":true,"href":"https:\/\/vokore.de\/en\/wp-json\/wp\/v2\/users\/1"}],"replies":[{"embeddable":true,"href":"https:\/\/vokore.de\/en\/wp-json\/wp\/v2\/comments?post=314"}],"version-history":[{"count":8,"href":"https:\/\/vokore.de\/en\/wp-json\/wp\/v2\/pages\/314\/revisions"}],"predecessor-version":[{"id":1456,"href":"https:\/\/vokore.de\/en\/wp-json\/wp\/v2\/pages\/314\/revisions\/1456"}],"wp:attachment":[{"href":"https:\/\/vokore.de\/en\/wp-json\/wp\/v2\/media?parent=314"}],"curies":[{"name":"wp","href":"https:\/\/api.w.org\/{rel}","templated":true}]}}