{"id":406,"date":"2025-08-20T04:36:51","date_gmt":"2025-08-20T04:36:51","guid":{"rendered":"https:\/\/vokore.de\/?page_id=406"},"modified":"2025-12-17T09:30:42","modified_gmt":"2025-12-17T09:30:42","slug":"spanauswerfer","status":"publish","type":"page","link":"https:\/\/vokore.de\/en\/spanauswerfer\/","title":{"rendered":"Ejectors"},"content":{"rendered":"<p>[et_pb_section fb_built=&#8220;1&#8243; _builder_version=&#8220;4.27.4&#8243; use_background_color_gradient=&#8220;on&#8220; background_color_gradient_direction=&#8220;90deg&#8220; background_color_gradient_stops=&#8220;rgba(0,0,0,0.6) 0%|rgba(0,0,0,0.6) 100%&#8220; background_color_gradient_overlays_image=&#8220;on&#8220; background_color_gradient_start=&#8220;rgba(0,0,0,0.6)&#8220; background_color_gradient_end=&#8220;rgba(0,0,0,0.6)&#8220; background_image=&#8220;https:\/\/vokore.de\/wp-content\/uploads\/2025\/12\/2025-12-04-101842.jpg&#8220; custom_padding=&#8220;0px||0px||true|false&#8220; global_colors_info=&#8220;{}&#8220;][et_pb_row _builder_version=&#8220;4.16&#8243; custom_padding=&#8220;75px||75px||true|false&#8220; animation_style=&#8220;slide&#8220; animation_direction=&#8220;bottom&#8220; animation_duration=&#8220;2000ms&#8220; animation_intensity_slide=&#8220;8%&#8220; global_colors_info=&#8220;{}&#8220;][et_pb_column type=&#8220;4_4&#8243; _builder_version=&#8220;4.16&#8243; animation_direction=&#8220;left&#8220; global_colors_info=&#8220;{}&#8220;][et_pb_text _builder_version=&#8220;4.27.5&#8243; text_font=&#8220;|700||on|||||&#8220; text_text_color=&#8220;#FFFFFF&#8220; text_font_size=&#8220;12px&#8220; text_letter_spacing=&#8220;4px&#8220; background_enable_color=&#8220;off&#8220; background_layout=&#8220;dark&#8220; custom_margin=&#8220;|auto|0px|auto|false|false&#8220; custom_padding=&#8220;3px|15px|0px|15px|false|true&#8220; custom_css_main_element=&#8220;width: fit-content;&#8220; global_colors_info=&#8220;{}&#8220;]<\/p>\n<p><strong><span style=\"color: #ff0000;\">Products<\/span><\/strong><\/p>\n<p>[\/et_pb_text][et_pb_text _builder_version=&#8220;4.27.5&#8243; header_font=&#8220;|700|||||||&#8220; header_text_align=&#8220;center&#8220; header_text_color=&#8220;#FFFFFF&#8220; header_font_size=&#8220;60px&#8220; header_font_size_tablet=&#8220;&#8220; header_font_size_phone=&#8220;48px&#8220; header_font_size_last_edited=&#8220;on|phone&#8220; global_colors_info=&#8220;{}&#8220;]<\/p>\n<h1 style=\"text-align: center;\"><strong><span style=\"color: #ffffff;\">Ejectors<\/span><\/strong><\/h1>\n<p>[\/et_pb_text][et_pb_button button_url=&#8220;tel:+49219178225550&#8243; button_text=&#8220;Jetzt anfragen&#8220; button_alignment=&#8220;center&#8220; admin_label=&#8220;Button&#8220; _builder_version=&#8220;4.27.4&#8243; custom_button=&#8220;on&#8220; button_text_size=&#8220;15px&#8220; button_text_color=&#8220;#FFFFFF&#8220; button_bg_color=&#8220;#d62828&#8243; button_border_width=&#8220;0px&#8220; button_border_radius=&#8220;50px&#8220; button_font=&#8220;|||on|||||&#8220; button_use_icon=&#8220;off&#8220; custom_padding=&#8220;6px|20px|6px|20px|true|true&#8220; box_shadow_style=&#8220;preset1&#8243; global_colors_info=&#8220;{}&#8220; button_text_color__hover_enabled=&#8220;off|desktop&#8220; button_bg_color__hover_enabled=&#8220;on|hover&#8220; button_bg_color__hover=&#8220;#23232d&#8220; button_bg_enable_color__hover=&#8220;on&#8220;][\/et_pb_button][\/et_pb_column][\/et_pb_row][\/et_pb_section][et_pb_section fb_built=&#8220;1&#8243; custom_padding_last_edited=&#8220;on|tablet&#8220; _builder_version=&#8220;4.27.5&#8243; custom_padding=&#8220;||0px||false|false&#8220; custom_padding_tablet=&#8220;||||false|false&#8220; custom_padding_phone=&#8220;||||false|false&#8220; hover_enabled=&#8220;0&#8243; global_colors_info=&#8220;{}&#8220; sticky_enabled=&#8220;0&#8243;][et_pb_row column_structure=&#8220;1_2,1_2&#8243; make_equal=&#8220;on&#8220; _builder_version=&#8220;4.27.5&#8243; hover_enabled=&#8220;0&#8243; global_colors_info=&#8220;{}&#8220; custom_padding_last_edited=&#8220;on|phone&#8220; sticky_enabled=&#8220;0&#8243; custom_padding_phone=&#8220;0px||||false|false&#8220;][et_pb_column type=&#8220;1_2&#8243; _builder_version=&#8220;4.27.5&#8243; custom_padding=&#8220;0px||||false|false&#8220; global_colors_info=&#8220;{}&#8220;][et_pb_text _builder_version=&#8220;4.27.5&#8243; global_colors_info=&#8220;{}&#8220;]<\/p>\n<h2>EJECTORS<\/h2>\n<p>Our trim ejectors are available in brass, bronze and unhardened steel and ensure reliable trim removal for a smooth cutting process. They protect the knife and cutting edge, reduce wear and tear, and increase tool life. The ejectors are available in different thicknesses and designs to optimally adapt to the machine type and application, thus offering maximum flexibility in process design.<\/p>\n<p>[\/et_pb_text][\/et_pb_column][et_pb_column type=&#8220;1_2&#8243; _builder_version=&#8220;4.27.4&#8243; background_enable_image=&#8220;off&#8220; global_colors_info=&#8220;{}&#8220;][dsm_image_carousel gallery_ids=&#8220;70,67,63,68&#8243; sizes=&#8220;et-pb-image&#8211;responsive&#8211;desktop&#8220; image_fit=&#8220;contain&#8220; lazyload=&#8220;on&#8220; slider_type=&#8220;slideshow&#8220; slideshow_to_show=&#8220;3&#8243; slideshow_height_tablet=&#8220;&#8220; slideshow_height_phone=&#8220;250px&#8220; slideshow_height_last_edited=&#8220;on|phone&#8220; _builder_version=&#8220;4.27.5&#8243; _module_preset=&#8220;default&#8220; custom_padding=&#8220;4px|||||&#8220; hover_enabled=&#8220;0&#8243; global_colors_info=&#8220;{}&#8220; slideshow_height=&#8220;420px&#8220; sticky_enabled=&#8220;0&#8243;][\/dsm_image_carousel][\/et_pb_column][\/et_pb_row][\/et_pb_section][et_pb_section fb_built=&#8220;1&#8243; admin_label=&#8220;Info-Box&#8220; _builder_version=&#8220;4.27.4&#8243; background_enable_color=&#8220;off&#8220; saved_tabs=&#8220;all&#8220; global_colors_info=&#8220;{}&#8220;][et_pb_row _builder_version=&#8220;4.16&#8243; global_colors_info=&#8220;{}&#8220;][et_pb_column type=&#8220;4_4&#8243; _builder_version=&#8220;4.16&#8243; global_colors_info=&#8220;{}&#8220;][et_pb_text module_class=&#8220;highlight-label-center-white&#8220; _builder_version=&#8220;4.27.4&#8243; text_font=&#8220;|700||on|||||&#8220; text_text_color=&#8220;#FFFFFF&#8220; text_font_size=&#8220;13px&#8220; text_letter_spacing=&#8220;4px&#8220; background_color=&#8220;#d62828&#8243; custom_margin=&#8220;|auto|10px|auto|false|false&#8220; custom_padding=&#8220;2px|10px|2px|10px|false|true&#8220; custom_css_main_element=&#8220;width: fit-content;&#8220; global_colors_info=&#8220;{}&#8220;]<span>IMPORTANT INFORMATION<\/span>[\/et_pb_text][et_pb_text _builder_version=&#8220;4.27.4&#8243; header_2_text_align=&#8220;center&#8220; header_2_text_color=&#8220;#0a0a0a&#8220; header_2_font_size=&#8220;48px&#8220; global_colors_info=&#8220;{}&#8220;]<\/p>\n<h2>Enquiries can also be submitted using the OEM numbers provided by the machine manufacturers.<\/h2>\n<p>[\/et_pb_text][et_pb_button button_url=&#8220;tel:+49219178225550&#8243; button_text=&#8220;JETZT ANFRAGEN&#8220; button_alignment=&#8220;center&#8220; _builder_version=&#8220;4.27.4&#8243; custom_button=&#8220;on&#8220; button_text_size=&#8220;15px&#8220; button_text_color=&#8220;#FFFFFF&#8220; button_bg_color=&#8220;#d62828&#8243; button_border_width=&#8220;0px&#8220; button_border_radius=&#8220;50px&#8220; button_font=&#8220;|||on|||||&#8220; button_use_icon=&#8220;off&#8220; custom_padding=&#8220;6px|20px|6px|20px|true|true&#8220; box_shadow_style=&#8220;preset1&#8243; global_colors_info=&#8220;{}&#8220; button_text_color__hover_enabled=&#8220;on|hover&#8220; button_bg_color__hover_enabled=&#8220;on|hover&#8220; button_bg_color__hover=&#8220;#FFFFFF&#8220; button_bg_enable_color__hover=&#8220;on&#8220; button_text_color__hover=&#8220;#000000&#8243;][\/et_pb_button][\/et_pb_column][\/et_pb_row][\/et_pb_section]<\/p>","protected":false},"excerpt":{"rendered":"<p>ProdukteSpanauswerferSPANAUSWERFER Unsere Spanauswerfer sind in den Materialien Messing, Bronze und ungeh\u00e4rtetem Stahl erh\u00e4ltlich und gew\u00e4hrleisten eine zuverl\u00e4ssige Spanabfuhr f\u00fcr einen reibungslosen Schneidprozess. Sie sch\u00fctzen Messer und Schneide, reduzieren Verschlei\u00df und erh\u00f6hen die Standzeiten der Werkzeuge. Die Spanauswerfer sind in unterschiedlichen St\u00e4rken und Ausf\u00fchrungen lieferbar, um sich optimal an Maschinentyp und Anwendung anzupassen, und bieten so maximale Flexibilit\u00e4t bei der Prozessgestaltung.<div class=\"et_pb_module dsm_image_carousel dsm_image_carousel_0 dsm_image_carousel_arrow_outside dsm_image_carousel_arrow_mobile_inside\">\n\t\t\t\t\n\t\t\t\t\n\t\t\t\t\n\t\t\t\t\n\t\t\t\t\n\t\t\t\t\n\t\t\t\t<div class=\"et_pb_module_inner\">\n\t\t\t\t\t<div class=\"swiper-container dsm_image_carousel_container  dsm_image_carousel_slideshow\" dir=\"ltr\"data-effect=\"default\"\n\t\t\tdata-slider-effect-shadows=\"false\"\n\t\t\tdata-slider-effect-coverflow-rotate=\"30\"\n\t\t\tdata-slider-effect-coverflow-depth=\"0\"\n\t\t\tdata-loop=\"true\"\n\t\t\tdata-slide-to-show=\"4\"\n\t\t\tdata-slide-to-show-tablet=\"1\"\n\t\t\tdata-slide-to-show-phone=\"1\"\n\t\t\tdata-slide-to-scroll=\"1\"\n\t\t\tdata-slide-to-scroll-tablet=\"1\"\n\t\t\tdata-slide-to-scroll-phone=\"1\"\n\t\t\tdata-space-between=\"15\"\n\t\t\tdata-space-between-tablet=\"15\"\n\t\t\tdata-space-between-phone=\"15\"\n\t\t\tdata-slide-row=\"1\"\n\t\t\tdata-centered-slides=\"false\"\n\t\t\tdata-speed=\"300\"\n\t\t\tdata-autoplay=\"true\"\n\t\t\tdata-autoplay-speed=\"3000\"\n\t\t\tdata-touch-move=\"true\"\n\t\t\tdata-grab=\"true\"\n\t\t\tdata-pause-on-hover=\"false\"\n\t\t\tdata-show-lightbox=\"false\"\n\t\t\tdata-lightbox-gallery=\"false\"\n\t\t\tdata-lightbox-caption=\"false\"\n\t\t\tdata-infinite-scrolling=\"false\"\n\t\t\tdata-slide-row-tablet=\"1\"\n\t\t\tdata-slide-row-phone=\"1\"\n\t\t\tdata-autoplay-viewport=\"80%\t\t\tdata-mousewheel=\"false\"\t\t\tdata-lazyload=\"true\"\t\t\tdata-type=\"slideshow\"\t\t\tdata-slideshow-effect=\"default\"\t\t\tdata-slideshow-to-show=\"3\"\t\t\tdata-slideshow-to-show-tablet=\"3\"\t\t\tdata-slideshow-to-show-phone=\"\"\t\t\tdata-slider-orientation=\"horizontal\"\t\t\t\t\t\tdata-lightbox-title=\"false\"\t\t\t\"><div class=\"swiper-wrapper\"><div class=\"swiper-slide dsm_image_carousel_item\"><div class=\"swiper-slide dsm_image_carousel_item\"><div class=\"dsm_image_carousel_slideshow_bg\" role=\"img\" style=\"background-image: url(https:\/\/vokore.de\/wp-content\/uploads\/2025\/07\/WhatsApp-Image-2025-07-01-at-08.58.46-1.jpeg)\" title=\"WhatsApp Image 2025-07-01 at 08.58.46 (1)\" data-dsm-image-description=\"\"><\/div><\/div><\/div><div class=\"swiper-slide dsm_image_carousel_item\"><div class=\"swiper-slide dsm_image_carousel_item\"><div class=\"dsm_image_carousel_slideshow_bg\" role=\"img\" style=\"background-image: url(https:\/\/vokore.de\/wp-content\/uploads\/2025\/07\/WhatsApp-Image-2025-07-01-at-08.58.47-1-1280x857.jpeg)\" title=\"WhatsApp Image 2025-07-01 at 08.58.47 (1)\" data-dsm-image-description=\"\"><\/div><\/div><\/div><div class=\"swiper-slide dsm_image_carousel_item\"><div class=\"swiper-slide dsm_image_carousel_item\"><div class=\"dsm_image_carousel_slideshow_bg\" role=\"img\" style=\"background-image: url(https:\/\/vokore.de\/wp-content\/uploads\/2025\/07\/WhatsApp-Image-2025-07-01-at-08.58.48.jpeg)\" title=\"WhatsApp Image 2025-07-01 at 08.58.48\" data-dsm-image-description=\"\"><\/div><\/div><\/div><div class=\"swiper-slide dsm_image_carousel_item\"><div class=\"swiper-slide dsm_image_carousel_item\"><div class=\"dsm_image_carousel_slideshow_bg\" role=\"img\" style=\"background-image: url(https:\/\/vokore.de\/wp-content\/uploads\/2025\/07\/WhatsApp-Image-2025-07-01-at-08.58.47.jpeg)\" title=\"WhatsApp Image 2025-07-01 at 08.58.47\" data-dsm-image-description=\"\"><\/div><\/div><\/div><\/div><\/div><div class=\"swiper-button-prev swiper-arrow-button\" data-icon=\"4\"><\/div><div class=\"swiper-button-next swiper-arrow-button\" data-icon=\"5\"><\/div><div thumbsslider class=\"swiper dsm_image_gallery_thumbs\" dir=\"ltr\">\n\t\t\t\t\t<div class=\"swiper-wrapper\"><div class=\"swiper-slide\"><div class=\"dsm_image_carousel_thumbs_image swiper-lazy\" role=\"img\" aria-label=\"Pr\u00e4zisionsmesser aus Speziallegierung f\u00fcr industrielle Schneidprozesse\" style=\"background-image: url(https:\/\/vokore.de\/wp-content\/uploads\/2025\/07\/WhatsApp-Image-2025-07-01-at-08.58.46-1.jpeg)\"><\/div><\/div><div class=\"swiper-slide\"><div class=\"dsm_image_carousel_thumbs_image swiper-lazy\" role=\"img\" aria-label=\"Robustes Spezialmesser mit gebogener Schneide f\u00fcr industrielle Anwendungen\" style=\"background-image: url(https:\/\/vokore.de\/wp-content\/uploads\/2025\/07\/WhatsApp-Image-2025-07-01-at-08.58.47-1-1024x685.jpeg)\"><\/div><\/div><div class=\"swiper-slide\"><div class=\"dsm_image_carousel_thumbs_image swiper-lazy\" role=\"img\" aria-label=\"Industrielles Spezialmesser aus Bronze mit zwei Befestigungsl\u00f6chern und geschwungener Schneidkante.\" style=\"background-image: url(https:\/\/vokore.de\/wp-content\/uploads\/2025\/07\/WhatsApp-Image-2025-07-01-at-08.58.48.jpeg)\"><\/div><\/div><div class=\"swiper-slide\"><div class=\"dsm_image_carousel_thumbs_image swiper-lazy\" role=\"img\" aria-label=\"Industrielles Spezialmesser aus Bronzelegierung f\u00fcr pr\u00e4zises Schneiden\" style=\"background-image: url(https:\/\/vokore.de\/wp-content\/uploads\/2025\/07\/WhatsApp-Image-2025-07-01-at-08.58.47.jpeg)\"><\/div><\/div><\/div><\/div>\n\t\t\t\t<\/div>\n\t\t\t<\/div>WICHTIGE INFOAnfragen sind auch mit den Original-Ersatzteilnummern der Maschinenhersteller m\u00f6glich.<\/p>","protected":false},"author":1,"featured_media":0,"parent":0,"menu_order":0,"comment_status":"closed","ping_status":"closed","template":"","meta":{"_et_pb_use_builder":"on","_et_pb_old_content":"","_et_gb_content_width":"","footnotes":""},"class_list":["post-406","page","type-page","status-publish","hentry"],"yoast_head":"<!-- This site is optimized with the Yoast SEO plugin v26.7 - https:\/\/yoast.com\/wordpress\/plugins\/seo\/ -->\n<title>Spanauswerfer f\u00fcr Wellpappenanlagen | Vokore<\/title>\n<meta name=\"description\" content=\"Zuverl\u00e4ssige Spanauswerfer f\u00fcr Wellpappenanlagen. Optimierte Lamellengeometrie f\u00fcr saubere Kanten, stabile Prozesse und lange Lebensdauer.\" \/>\n<meta name=\"robots\" content=\"index, follow, max-snippet:-1, max-image-preview:large, max-video-preview:-1\" \/>\n<link rel=\"canonical\" href=\"https:\/\/vokore.de\/en\/spanauswerfer\/\" \/>\n<meta property=\"og:locale\" content=\"en_GB\" \/>\n<meta property=\"og:type\" content=\"article\" \/>\n<meta property=\"og:title\" content=\"Spanauswerfer f\u00fcr Wellpappenanlagen | Vokore\" \/>\n<meta property=\"og:description\" content=\"Zuverl\u00e4ssige Spanauswerfer f\u00fcr Wellpappenanlagen. Optimierte Lamellengeometrie f\u00fcr saubere Kanten, stabile Prozesse und lange Lebensdauer.\" \/>\n<meta property=\"og:url\" content=\"https:\/\/vokore.de\/en\/spanauswerfer\/\" \/>\n<meta property=\"og:site_name\" content=\"vokore\" \/>\n<meta property=\"article:modified_time\" content=\"2025-12-17T09:30:42+00:00\" \/>\n<meta name=\"twitter:card\" content=\"summary_large_image\" \/>\n<meta name=\"twitter:label1\" content=\"Estimated reading time\" \/>\n\t<meta name=\"twitter:data1\" content=\"1 minute\" \/>\n<script type=\"application\/ld+json\" class=\"yoast-schema-graph\">{\"@context\":\"https:\/\/schema.org\",\"@graph\":[{\"@type\":\"WebPage\",\"@id\":\"https:\/\/vokore.de\/spanauswerfer\/\",\"url\":\"https:\/\/vokore.de\/spanauswerfer\/\",\"name\":\"Spanauswerfer f\u00fcr Wellpappenanlagen | Vokore\",\"isPartOf\":{\"@id\":\"https:\/\/vokore.aweos.dev\/#website\"},\"datePublished\":\"2025-08-20T04:36:51+00:00\",\"dateModified\":\"2025-12-17T09:30:42+00:00\",\"description\":\"Zuverl\u00e4ssige Spanauswerfer f\u00fcr Wellpappenanlagen. Optimierte Lamellengeometrie f\u00fcr saubere Kanten, stabile Prozesse und lange Lebensdauer.\",\"breadcrumb\":{\"@id\":\"https:\/\/vokore.de\/spanauswerfer\/#breadcrumb\"},\"inLanguage\":\"en-GB\",\"potentialAction\":[{\"@type\":\"ReadAction\",\"target\":[\"https:\/\/vokore.de\/spanauswerfer\/\"]}]},{\"@type\":\"BreadcrumbList\",\"@id\":\"https:\/\/vokore.de\/spanauswerfer\/#breadcrumb\",\"itemListElement\":[{\"@type\":\"ListItem\",\"position\":1,\"name\":\"Start\",\"item\":\"https:\/\/vokore.de\/\"},{\"@type\":\"ListItem\",\"position\":2,\"name\":\"Spanauswerfer\"}]},{\"@type\":\"WebSite\",\"@id\":\"https:\/\/vokore.aweos.dev\/#website\",\"url\":\"https:\/\/vokore.aweos.dev\/\",\"name\":\"vokore\",\"description\":\"\",\"potentialAction\":[{\"@type\":\"SearchAction\",\"target\":{\"@type\":\"EntryPoint\",\"urlTemplate\":\"https:\/\/vokore.aweos.dev\/?s={search_term_string}\"},\"query-input\":{\"@type\":\"PropertyValueSpecification\",\"valueRequired\":true,\"valueName\":\"search_term_string\"}}],\"inLanguage\":\"en-GB\"}]}<\/script>\n<!-- \/ Yoast SEO plugin. -->","yoast_head_json":{"title":"Spanauswerfer f\u00fcr Wellpappenanlagen | Vokore","description":"Zuverl\u00e4ssige Spanauswerfer f\u00fcr Wellpappenanlagen. Optimierte Lamellengeometrie f\u00fcr saubere Kanten, stabile Prozesse und lange Lebensdauer.","robots":{"index":"index","follow":"follow","max-snippet":"max-snippet:-1","max-image-preview":"max-image-preview:large","max-video-preview":"max-video-preview:-1"},"canonical":"https:\/\/vokore.de\/en\/spanauswerfer\/","og_locale":"en_GB","og_type":"article","og_title":"Spanauswerfer f\u00fcr Wellpappenanlagen | Vokore","og_description":"Zuverl\u00e4ssige Spanauswerfer f\u00fcr Wellpappenanlagen. Optimierte Lamellengeometrie f\u00fcr saubere Kanten, stabile Prozesse und lange Lebensdauer.","og_url":"https:\/\/vokore.de\/en\/spanauswerfer\/","og_site_name":"vokore","article_modified_time":"2025-12-17T09:30:42+00:00","twitter_card":"summary_large_image","twitter_misc":{"Estimated reading time":"1 minute"},"schema":{"@context":"https:\/\/schema.org","@graph":[{"@type":"WebPage","@id":"https:\/\/vokore.de\/spanauswerfer\/","url":"https:\/\/vokore.de\/spanauswerfer\/","name":"Spanauswerfer f\u00fcr Wellpappenanlagen | Vokore","isPartOf":{"@id":"https:\/\/vokore.aweos.dev\/#website"},"datePublished":"2025-08-20T04:36:51+00:00","dateModified":"2025-12-17T09:30:42+00:00","description":"Zuverl\u00e4ssige Spanauswerfer f\u00fcr Wellpappenanlagen. Optimierte Lamellengeometrie f\u00fcr saubere Kanten, stabile Prozesse und lange Lebensdauer.","breadcrumb":{"@id":"https:\/\/vokore.de\/spanauswerfer\/#breadcrumb"},"inLanguage":"en-GB","potentialAction":[{"@type":"ReadAction","target":["https:\/\/vokore.de\/spanauswerfer\/"]}]},{"@type":"BreadcrumbList","@id":"https:\/\/vokore.de\/spanauswerfer\/#breadcrumb","itemListElement":[{"@type":"ListItem","position":1,"name":"Start","item":"https:\/\/vokore.de\/"},{"@type":"ListItem","position":2,"name":"Spanauswerfer"}]},{"@type":"WebSite","@id":"https:\/\/vokore.aweos.dev\/#website","url":"https:\/\/vokore.aweos.dev\/","name":"vokore","description":"","potentialAction":[{"@type":"SearchAction","target":{"@type":"EntryPoint","urlTemplate":"https:\/\/vokore.aweos.dev\/?s={search_term_string}"},"query-input":{"@type":"PropertyValueSpecification","valueRequired":true,"valueName":"search_term_string"}}],"inLanguage":"en-GB"}]}},"_links":{"self":[{"href":"https:\/\/vokore.de\/en\/wp-json\/wp\/v2\/pages\/406","targetHints":{"allow":["GET"]}}],"collection":[{"href":"https:\/\/vokore.de\/en\/wp-json\/wp\/v2\/pages"}],"about":[{"href":"https:\/\/vokore.de\/en\/wp-json\/wp\/v2\/types\/page"}],"author":[{"embeddable":true,"href":"https:\/\/vokore.de\/en\/wp-json\/wp\/v2\/users\/1"}],"replies":[{"embeddable":true,"href":"https:\/\/vokore.de\/en\/wp-json\/wp\/v2\/comments?post=406"}],"version-history":[{"count":19,"href":"https:\/\/vokore.de\/en\/wp-json\/wp\/v2\/pages\/406\/revisions"}],"predecessor-version":[{"id":1394,"href":"https:\/\/vokore.de\/en\/wp-json\/wp\/v2\/pages\/406\/revisions\/1394"}],"wp:attachment":[{"href":"https:\/\/vokore.de\/en\/wp-json\/wp\/v2\/media?parent=406"}],"curies":[{"name":"wp","href":"https:\/\/api.w.org\/{rel}","templated":true}]}}