{"id":468,"date":"2025-09-03T08:35:26","date_gmt":"2025-09-03T08:35:26","guid":{"rendered":"https:\/\/vokore.de\/?page_id=468"},"modified":"2025-12-17T09:20:47","modified_gmt":"2025-12-17T09:20:47","slug":"querschneidemesser","status":"publish","type":"page","link":"https:\/\/vokore.de\/en\/querschneidemesser\/","title":{"rendered":"Knives &amp; Spare Parts for Cross Cutting"},"content":{"rendered":"<p>[et_pb_section fb_built=&#8220;1&#8243; _builder_version=&#8220;4.27.4&#8243; use_background_color_gradient=&#8220;on&#8220; background_color_gradient_direction=&#8220;90deg&#8220; background_color_gradient_stops=&#8220;rgba(0,0,0,0.6) 0%|rgba(0,0,0,0.6) 100%&#8220; background_color_gradient_overlays_image=&#8220;on&#8220; background_color_gradient_start=&#8220;rgba(0,0,0,0.6)&#8220; background_color_gradient_end=&#8220;rgba(0,0,0,0.6)&#8220; background_image=&#8220;https:\/\/vokore.de\/wp-content\/uploads\/2025\/12\/2025_10_Vokore_013_00092.jpg&#8220; custom_padding=&#8220;0px||0px||true|false&#8220; global_colors_info=&#8220;{}&#8220;][et_pb_row _builder_version=&#8220;4.16&#8243; custom_padding=&#8220;75px||75px||true|false&#8220; animation_style=&#8220;slide&#8220; animation_direction=&#8220;bottom&#8220; animation_duration=&#8220;2000ms&#8220; animation_intensity_slide=&#8220;8%&#8220; global_colors_info=&#8220;{}&#8220;][et_pb_column type=&#8220;4_4&#8243; _builder_version=&#8220;4.16&#8243; animation_direction=&#8220;left&#8220; global_colors_info=&#8220;{}&#8220;][et_pb_text _builder_version=&#8220;4.27.5&#8243; text_font=&#8220;|700||on|||||&#8220; text_text_color=&#8220;#FFFFFF&#8220; text_font_size=&#8220;12px&#8220; text_letter_spacing=&#8220;4px&#8220; background_enable_color=&#8220;off&#8220; background_layout=&#8220;dark&#8220; custom_margin=&#8220;|auto|0px|auto|false|false&#8220; custom_padding=&#8220;3px|15px|0px|15px|false|true&#8220; custom_css_main_element=&#8220;width: fit-content;&#8220; global_colors_info=&#8220;{}&#8220;]<\/p>\n<p><strong><span style=\"color: #ff0000;\">Products<\/span><\/strong><\/p>\n<p>[\/et_pb_text][et_pb_text _builder_version=&#8220;4.27.5&#8243; header_font=&#8220;|700|||||||&#8220; header_text_align=&#8220;center&#8220; header_text_color=&#8220;#FFFFFF&#8220; header_font_size=&#8220;60px&#8220; header_font_size_tablet=&#8220;&#8220; header_font_size_phone=&#8220;48px&#8220; header_font_size_last_edited=&#8220;on|phone&#8220; global_colors_info=&#8220;{}&#8220;]<\/p>\n<h1 style=\"text-align: center;\"><strong><span style=\"color: #ffffff;\">Knives &amp; Spare Parts for Cross Cutting<\/span><\/strong><\/h1>\n<p>[\/et_pb_text][et_pb_button button_url=&#8220;mailto:info@vokore.de&#8220; button_text=&#8220;Jetzt anfragen&#8220; button_alignment=&#8220;center&#8220; admin_label=&#8220;Button&#8220; _builder_version=&#8220;4.27.4&#8243; custom_button=&#8220;on&#8220; button_text_size=&#8220;15px&#8220; button_text_color=&#8220;#FFFFFF&#8220; button_bg_color=&#8220;#d62828&#8243; button_border_width=&#8220;0px&#8220; button_border_radius=&#8220;50px&#8220; button_font=&#8220;|||on|||||&#8220; button_use_icon=&#8220;off&#8220; custom_padding=&#8220;6px|20px|6px|20px|true|true&#8220; box_shadow_style=&#8220;preset1&#8243; global_colors_info=&#8220;{}&#8220; button_text_color__hover_enabled=&#8220;off|desktop&#8220; button_bg_color__hover_enabled=&#8220;on|hover&#8220; button_bg_color__hover=&#8220;#23232d&#8220; button_bg_enable_color__hover=&#8220;on&#8220;][\/et_pb_button][\/et_pb_column][\/et_pb_row][\/et_pb_section][et_pb_section fb_built=&#8220;1&#8243; _builder_version=&#8220;4.27.5&#8243; custom_padding=&#8220;||40px||false|false&#8220; hover_enabled=&#8220;0&#8243; global_colors_info=&#8220;{}&#8220; sticky_enabled=&#8220;0&#8243;][et_pb_row column_structure=&#8220;1_2,1_2&#8243; _builder_version=&#8220;4.27.5&#8243; custom_margin=&#8220;||||false|false&#8220; custom_padding=&#8220;||0px||false|false&#8220; hover_enabled=&#8220;0&#8243; global_colors_info=&#8220;{}&#8220; custom_padding_last_edited=&#8220;on|phone&#8220; custom_padding_phone=&#8220;0px||0px||false|false&#8220; sticky_enabled=&#8220;0&#8243; custom_padding_tablet=&#8220;||0px||false|false&#8220;][et_pb_column type=&#8220;1_2&#8243; _builder_version=&#8220;4.16&#8243; global_colors_info=&#8220;{}&#8220;][et_pb_text module_class=&#8220;highlight-label&#8220; _builder_version=&#8220;4.27.5&#8243; text_font=&#8220;|700||on|||||&#8220; text_text_color=&#8220;#d62828&#8243; text_font_size=&#8220;13px&#8220; text_letter_spacing=&#8220;4px&#8220; background_enable_color=&#8220;off&#8220; transform_translate_linked=&#8220;off&#8220; custom_margin=&#8220;|auto|10px|auto|false|true&#8220; custom_padding=&#8220;2px|10px|0px|10px|false|true&#8220; custom_css_main_element=&#8220;width: fit-content;&#8220; global_colors_info=&#8220;{}&#8220;]<\/p>\n<p><span>CLEAN CUT \/ LESS DUST DEVELOPMENT<\/span><\/p>\n<p>[\/et_pb_text][et_pb_text _builder_version=&#8220;4.27.5&#8243; header_2_text_align=&#8220;left&#8220; header_2_font_size=&#8220;48px&#8220; transform_translate=&#8220;0px|12px&#8220; transform_translate_linked=&#8220;off&#8220; global_colors_info=&#8220;{}&#8220;]<\/p>\n<h2 style=\"text-align: center;\">Cut-Off Knives for Corrugators<\/h2>\n<p>[\/et_pb_text][et_pb_text _builder_version=&#8220;4.27.4&#8243; text_text_color=&#8220;#878787&#8243; text_font_size=&#8220;18px&#8220; width_tablet=&#8220;&#8220; width_phone=&#8220;&#8220; width_last_edited=&#8220;on|phone&#8220; custom_margin=&#8220;||||false|false&#8220; global_colors_info=&#8220;{}&#8220;]<\/p>\n<p data-start=\"111\" data-end=\"429\">Our cut-off knives are manufactured for machines from leading producers such as <strong data-start=\"210\" data-end=\"262\">BHS, Fosber, Agnati\/Quantum, Marquip, and MHI (Mitsubishi)<\/strong> They are available in a range of designs\u2014 <strong data-start=\"326\" data-end=\"349\">plain or serrated<\/strong> \u2014to meet a wide variety of production requirements.<\/p>\n<p data-start=\"431\" data-end=\"859\">One of our key specialties is producing knife pairs in which <strong data-start=\"484\" data-end=\"538\">both knives are serrated.<\/strong>This configuration delivers <strong data-start=\"576\" data-end=\"608\">exceptionally clean cuts<\/strong> and <strong data-start=\"615\" data-end=\"642\">remarkably long service life<\/strong>, achievable only through the highest precision in manufacturing and grinding technology. With these knives, you can rely on <strong data-start=\"768\" data-end=\"813\">consistently outstanding cutting quality<\/strong> and maximum efficiency<\/p>\n<p>[\/et_pb_text][\/et_pb_column][et_pb_column type=&#8220;1_2&#8243; _builder_version=&#8220;4.16&#8243; global_colors_info=&#8220;{}&#8220;][dsm_image_hotspots src=&#8220;https:\/\/vokore.de\/wp-content\/uploads\/2025\/07\/WhatsApp-Image-2025-07-01-at-08.58.44.jpeg&#8220; title_text=&#8220;WhatsApp Image 2025-07-01 at 08.58.44&#8243; _builder_version=&#8220;4.27.4&#8243; _module_preset=&#8220;default&#8220; global_colors_info=&#8220;{}&#8220;][dsm_image_hotspots_child icon_font_size=&#8220;18px&#8220; left_position=&#8220;50%&#8220; tooltip_background_color=&#8220;#f7f7f7&#8243; pulse_animation=&#8220;on&#8220; pulse_background_color=&#8220;#d62828&#8243; _builder_version=&#8220;4.27.4&#8243; _module_preset=&#8220;default&#8220; text_font_size=&#8220;14px&#8220; background_color=&#8220;#d62828&#8243; background_enable_color=&#8220;on&#8220; border_color_all_tooltip=&#8220;RGBA(255,255,255,0)&#8220; global_colors_info=&#8220;{}&#8220;]<\/p>\n<p>Fine-serrated cutting edge for clean cuts even at high speeds.<\/p>\n<p>[\/dsm_image_hotspots_child][dsm_image_hotspots_child icon_font_size=&#8220;18px&#8220; left_position=&#8220;78%&#8220; top_position=&#8220;15%&#8220; tooltip_background_color=&#8220;#f7f7f7&#8243; pulse_animation=&#8220;on&#8220; pulse_background_color=&#8220;#d62828&#8243; _builder_version=&#8220;4.27.4&#8243; _module_preset=&#8220;default&#8220; background_color=&#8220;#d62828&#8243; background_enable_color=&#8220;on&#8220; global_colors_info=&#8220;{}&#8220;]<\/p>\n<p>Exact drill holes for safe and easy installation.<\/p>\n<p>[\/dsm_image_hotspots_child][dsm_image_hotspots_child icon_font_size=&#8220;18px&#8220; left_position=&#8220;15%&#8220; top_position=&#8220;51%&#8220; tooltip_background_color=&#8220;#f7f7f7&#8243; pulse_animation=&#8220;on&#8220; pulse_background_color=&#8220;#d62828&#8243; _builder_version=&#8220;4.27.4&#8243; _module_preset=&#8220;default&#8220; background_color=&#8220;#d62828&#8243; background_enable_color=&#8220;on&#8220; global_colors_info=&#8220;{}&#8220;]<\/p>\n<p>Made from wear-resistant high chromium steel for a long operational life.<\/p>\n<p>[\/dsm_image_hotspots_child][\/dsm_image_hotspots][\/et_pb_column][\/et_pb_row][et_pb_row column_structure=&#8220;1_2,1_2&#8243; _builder_version=&#8220;4.27.4&#8243; _module_preset=&#8220;default&#8220; global_colors_info=&#8220;{}&#8220;][et_pb_column type=&#8220;1_2&#8243; _builder_version=&#8220;4.27.4&#8243; _module_preset=&#8220;default&#8220; global_colors_info=&#8220;{}&#8220;][dsm_image_hotspots src=&#8220;https:\/\/vokore.de\/wp-content\/uploads\/2025\/12\/Cut-OFF-Corru.jpg&#8220; title_text=&#8220;Cut-OFF Corru&#8220; _builder_version=&#8220;4.27.4&#8243; _module_preset=&#8220;default&#8220; global_colors_info=&#8220;{}&#8220;][dsm_image_hotspots_child icon_font_size=&#8220;18px&#8220; left_position=&#8220;39%&#8220; top_position=&#8220;26%&#8220; tooltip_background_color=&#8220;#f7f7f7&#8243; pulse_animation=&#8220;on&#8220; pulse_background_color=&#8220;#d62828&#8243; _builder_version=&#8220;4.27.4&#8243; _module_preset=&#8220;default&#8220; background_color=&#8220;#d62828&#8243; background_enable_color=&#8220;on&#8220; global_colors_info=&#8220;{}&#8220;][\/dsm_image_hotspots_child][\/dsm_image_hotspots][\/et_pb_column][et_pb_column type=&#8220;1_2&#8243; _builder_version=&#8220;4.27.4&#8243; _module_preset=&#8220;default&#8220; global_colors_info=&#8220;{}&#8220;][dsm_image_hotspots src=&#8220;https:\/\/vokore.de\/wp-content\/uploads\/2025\/12\/Cut-OFF-Corru_2.jpg&#8220; title_text=&#8220;Cut-OFF Corru_2&#8243; _builder_version=&#8220;4.27.4&#8243; _module_preset=&#8220;default&#8220; global_colors_info=&#8220;{}&#8220;][dsm_image_hotspots_child icon_font_size=&#8220;18px&#8220; left_position=&#8220;48%&#8220; top_position=&#8220;41%&#8220; tooltip_background_color=&#8220;#f7f7f7&#8243; pulse_animation=&#8220;on&#8220; pulse_background_color=&#8220;#d62828&#8243; _builder_version=&#8220;4.27.4&#8243; _module_preset=&#8220;default&#8220; background_color=&#8220;#d62828&#8243; background_enable_color=&#8220;on&#8220; global_colors_info=&#8220;{}&#8220;]<\/p>\n<p>hochpr\u00e4zise Verzahnung, die ein reibungsloses Ineinandergreifen der Messer gew\u00e4hrleistet<\/p>\n<p>[\/dsm_image_hotspots_child][\/dsm_image_hotspots][\/et_pb_column][\/et_pb_row][\/et_pb_section][et_pb_section fb_built=&#8220;1&#8243; admin_label=&#8220;Info-Box&#8220; _builder_version=&#8220;4.27.5&#8243; background_enable_color=&#8220;off&#8220; custom_padding=&#8220;0px||||false|false&#8220; saved_tabs=&#8220;all&#8220; global_colors_info=&#8220;{}&#8220;][et_pb_row _builder_version=&#8220;4.16&#8243; global_colors_info=&#8220;{}&#8220;][et_pb_column type=&#8220;4_4&#8243; _builder_version=&#8220;4.16&#8243; global_colors_info=&#8220;{}&#8220;][et_pb_text module_class=&#8220;highlight-label-center-white&#8220; _builder_version=&#8220;4.27.4&#8243; text_font=&#8220;|700||on|||||&#8220; text_text_color=&#8220;#FFFFFF&#8220; text_font_size=&#8220;13px&#8220; text_letter_spacing=&#8220;4px&#8220; background_color=&#8220;#d62828&#8243; custom_margin=&#8220;|auto|10px|auto|false|false&#8220; custom_padding=&#8220;2px|10px|2px|10px|false|true&#8220; custom_css_main_element=&#8220;width: fit-content;&#8220; global_colors_info=&#8220;{}&#8220;]<span>IMPORTANT INFORMATION<\/span>[\/et_pb_text][et_pb_text _builder_version=&#8220;4.27.4&#8243; header_2_text_align=&#8220;center&#8220; header_2_text_color=&#8220;#0a0a0a&#8220; header_2_font_size=&#8220;48px&#8220; global_colors_info=&#8220;{}&#8220;]<\/p>\n<h2>Enquiries can also be submitted using the OEM numbers provided by the machine manufacturers.<\/h2>\n<p>[\/et_pb_text][et_pb_button button_url=&#8220;mailto:info@vokore.de&#8220; button_text=&#8220;JETZT ANFRAGEN&#8220; button_alignment=&#8220;center&#8220; _builder_version=&#8220;4.27.4&#8243; custom_button=&#8220;on&#8220; button_text_size=&#8220;15px&#8220; button_text_color=&#8220;#FFFFFF&#8220; button_bg_color=&#8220;#d62828&#8243; button_border_width=&#8220;0px&#8220; button_border_radius=&#8220;50px&#8220; button_font=&#8220;|||on|||||&#8220; button_use_icon=&#8220;off&#8220; custom_padding=&#8220;6px|20px|6px|20px|true|true&#8220; box_shadow_style=&#8220;preset1&#8243; global_colors_info=&#8220;{}&#8220; button_text_color__hover_enabled=&#8220;on|hover&#8220; button_bg_color__hover_enabled=&#8220;on|hover&#8220; button_bg_color__hover=&#8220;#FFFFFF&#8220; button_bg_enable_color__hover=&#8220;on&#8220; button_text_color__hover=&#8220;#000000&#8243;][\/et_pb_button][\/et_pb_column][\/et_pb_row][\/et_pb_section]<\/p>","protected":false},"excerpt":{"rendered":"<p>ProdukteMesser und Zubeh\u00f6r f\u00fcr QuerschneiderF\u00dcR Sauberen, Staubfreien schnittQuerschneidemesser f\u00fcr WPAUnsere Querschneidemesser werden unter anderem f\u00fcr Anlagen der Hersteller BHS, Fosber, Agnati\/Quantum, Marquip und MHI (Mitsubishi) gefertigt. Sie sind in verschiedenen Ausf\u00fchrungen erh\u00e4ltlich \u2013 glatt oder verzahnt \u2013 und passen sich so optimal an unterschiedliche Produktionsanforderungen an. Unsere besondere Spezialit\u00e4t ist die Herstellung von Messerpaaren, bei denen beide Messer verzahnt sind. Diese Konstruktion erm\u00f6glicht einen einzigartig sauberen Schnitt sowie extrem hohe Standzeiten, die nur durch h\u00f6chste Pr\u00e4zision in Fertigung und Schleiftechnik erreicht werden k\u00f6nnen. Mit diesen Messern sichern Sie sich gleichbleibend exzellente Schnittqualit\u00e4t und maximale Effizienz in Ihrer Produktion.<div class=\"et_pb_module dsm_image_hotspots dsm_image_hotspots_0\">\n\t\t\t\t\n\t\t\t\t\n\t\t\t\t\n\t\t\t\t\n\t\t\t\t\n\t\t\t\t\n\t\t\t\t<div class=\"et_pb_module_inner\">\n\t\t\t\t\t\n\t\t\t\n\t\t\t<div class=\"dsm_image_hotspots_wrap\"  data-dsm-tooltip-animation=\"fade\" data-dsm-hotspot=\"dsm_image_hotspots_0\" data-tippy-delay=\"[50, 50]\" data-tippy-trigger=\"mouseenter\"><div class=\"dsm_image_hotspots_img_wrap\"><img decoding=\"async\" src=\"https:\/\/vokore.de\/wp-content\/uploads\/2025\/07\/WhatsApp-Image-2025-07-01-at-08.58.44.jpeg\" alt=\"\" title=\"WhatsApp Image 2025-07-01 at 08.58.44\" srcset=\"https:\/\/vokore.de\/wp-content\/uploads\/2025\/07\/WhatsApp-Image-2025-07-01-at-08.58.44.jpeg 1600w, https:\/\/vokore.de\/wp-content\/uploads\/2025\/07\/WhatsApp-Image-2025-07-01-at-08.58.44-1280x853.jpeg 1280w, https:\/\/vokore.de\/wp-content\/uploads\/2025\/07\/WhatsApp-Image-2025-07-01-at-08.58.44-980x653.jpeg 980w, https:\/\/vokore.de\/wp-content\/uploads\/2025\/07\/WhatsApp-Image-2025-07-01-at-08.58.44-480x320.jpeg 480w\" sizes=\"(min-width: 0px) and (max-width: 480px) 480px, (min-width: 481px) and (max-width: 980px) 980px, (min-width: 981px) and (max-width: 1280px) 1280px, (min-width: 1281px) 1600px, 100vw\" \/><\/div><div class=\"et_pb_with_border dsm_image_hotspots_child dsm_image_hotspots_child_0\">\n\t\t\t\t\n\t\t\t\t\n\t\t\t\t\n\t\t\t\t\n\t\t\t\t<div class=\"dsm_image_hotspot_pulse\"><\/div><div class=\"dsm_image_hotspots_wrapper\" data-tippy-arrow=\"true\" data-tippy-placement=\"top\" data-slug=\"dsm_image_hotspots_child_0\"><span class=\"dsm_image_hotspots_icon et-pb-icon\"><span>L<\/span><\/span><\/div><div class=\"dsm_image_hotspot_tooltip et_pb_bg_layout_dark\"><div class=\"dsm_image_tooltip_content\">Fine-serrated cutting edge for clean cuts even at high speeds.<\/div><\/div>\n\t\t\t<\/div><div class=\"dsm_image_hotspots_child dsm_image_hotspots_child_1\">\n\t\t\t\t\n\t\t\t\t\n\t\t\t\t\n\t\t\t\t\n\t\t\t\t<div class=\"dsm_image_hotspot_pulse\"><\/div><div class=\"dsm_image_hotspots_wrapper\" data-tippy-arrow=\"true\" data-tippy-placement=\"top\" data-slug=\"dsm_image_hotspots_child_1\"><span class=\"dsm_image_hotspots_icon et-pb-icon\"><span>L<\/span><\/span><\/div><div class=\"dsm_image_hotspot_tooltip et_pb_bg_layout_dark\"><div class=\"dsm_image_tooltip_content\">Exact drill holes for safe and easy installation.<\/div><\/div>\n\t\t\t<\/div><div class=\"dsm_image_hotspots_child dsm_image_hotspots_child_2\">\n\t\t\t\t\n\t\t\t\t\n\t\t\t\t\n\t\t\t\t\n\t\t\t\t<div class=\"dsm_image_hotspot_pulse\"><\/div><div class=\"dsm_image_hotspots_wrapper\" data-tippy-arrow=\"true\" data-tippy-placement=\"top\" data-slug=\"dsm_image_hotspots_child_2\"><span class=\"dsm_image_hotspots_icon et-pb-icon\"><span>L<\/span><\/span><\/div><div class=\"dsm_image_hotspot_tooltip et_pb_bg_layout_dark\"><div class=\"dsm_image_tooltip_content\">Made from wear-resistant high chromium steel for a long operational life.<\/div><\/div>\n\t\t\t<\/div><\/div>\n\t\t\t\n\t\t\t\t<\/div>\n\t\t\t<\/div><div class=\"et_pb_module dsm_image_hotspots dsm_image_hotspots_1\">\n\t\t\t\t\n\t\t\t\t\n\t\t\t\t\n\t\t\t\t\n\t\t\t\t\n\t\t\t\t\n\t\t\t\t<div class=\"et_pb_module_inner\">\n\t\t\t\t\t\n\t\t\t\n\t\t\t<div class=\"dsm_image_hotspots_wrap\"  data-dsm-tooltip-animation=\"fade\" data-dsm-hotspot=\"dsm_image_hotspots_1\" data-tippy-delay=\"[50, 50]\" data-tippy-trigger=\"mouseenter\"><div class=\"dsm_image_hotspots_img_wrap\"><img decoding=\"async\" src=\"https:\/\/vokore.de\/wp-content\/uploads\/2025\/12\/Cut-OFF-Corru.jpg\" alt=\"\" title=\"Cut-OFF Corru\" srcset=\"https:\/\/vokore.de\/wp-content\/uploads\/2025\/12\/Cut-OFF-Corru.jpg 2000w, https:\/\/vokore.de\/wp-content\/uploads\/2025\/12\/Cut-OFF-Corru-1280x853.jpg 1280w, https:\/\/vokore.de\/wp-content\/uploads\/2025\/12\/Cut-OFF-Corru-980x653.jpg 980w, https:\/\/vokore.de\/wp-content\/uploads\/2025\/12\/Cut-OFF-Corru-480x320.jpg 480w\" sizes=\"(min-width: 0px) and (max-width: 480px) 480px, (min-width: 481px) and (max-width: 980px) 980px, (min-width: 981px) and (max-width: 1280px) 1280px, (min-width: 1281px) 2000px, 100vw\" \/><\/div><div class=\"dsm_image_hotspots_child dsm_image_hotspots_child_3\">\n\t\t\t\t\n\t\t\t\t\n\t\t\t\t\n\t\t\t\t\n\t\t\t\t<div class=\"dsm_image_hotspot_pulse\"><\/div><div class=\"dsm_image_hotspots_wrapper\" data-tippy-arrow=\"true\" data-tippy-placement=\"top\" data-slug=\"dsm_image_hotspots_child_3\"><span class=\"dsm_image_hotspots_icon et-pb-icon\"><span>L<\/span><\/span><\/div><div class=\"dsm_image_hotspot_tooltip et_pb_bg_layout_dark\"><\/div>\n\t\t\t<\/div><\/div>\n\t\t\t\n\t\t\t\t<\/div>\n\t\t\t<\/div><div class=\"et_pb_module dsm_image_hotspots dsm_image_hotspots_2\">\n\t\t\t\t\n\t\t\t\t\n\t\t\t\t\n\t\t\t\t\n\t\t\t\t\n\t\t\t\t\n\t\t\t\t<div class=\"et_pb_module_inner\">\n\t\t\t\t\t\n\t\t\t\n\t\t\t<div class=\"dsm_image_hotspots_wrap\"  data-dsm-tooltip-animation=\"fade\" data-dsm-hotspot=\"dsm_image_hotspots_2\" data-tippy-delay=\"[50, 50]\" data-tippy-trigger=\"mouseenter\"><div class=\"dsm_image_hotspots_img_wrap\"><img decoding=\"async\" src=\"https:\/\/vokore.de\/wp-content\/uploads\/2025\/12\/Cut-OFF-Corru_2.jpg\" alt=\"\" title=\"Cut-OFF Corru_2\" srcset=\"https:\/\/vokore.de\/wp-content\/uploads\/2025\/12\/Cut-OFF-Corru_2.jpg 2000w, https:\/\/vokore.de\/wp-content\/uploads\/2025\/12\/Cut-OFF-Corru_2-1280x853.jpg 1280w, https:\/\/vokore.de\/wp-content\/uploads\/2025\/12\/Cut-OFF-Corru_2-980x653.jpg 980w, https:\/\/vokore.de\/wp-content\/uploads\/2025\/12\/Cut-OFF-Corru_2-480x320.jpg 480w\" sizes=\"(min-width: 0px) and (max-width: 480px) 480px, (min-width: 481px) and (max-width: 980px) 980px, (min-width: 981px) and (max-width: 1280px) 1280px, (min-width: 1281px) 2000px, 100vw\" \/><\/div><\/div>\n\t\t\t\n\t\t\t\t<\/div>\n\t\t\t<\/div><div class=\"dsm_image_hotspots_child dsm_image_hotspots_child_4\">\n\t\t\t\t\n\t\t\t\t\n\t\t\t\t\n\t\t\t\t\n\t\t\t\t<div class=\"dsm_image_hotspot_pulse\"><\/div><div class=\"dsm_image_hotspots_wrapper\" data-tippy-arrow=\"true\" data-tippy-placement=\"top\" data-slug=\"dsm_image_hotspots_child_4\"><span class=\"dsm_image_hotspots_icon et-pb-icon\"><span>L<\/span><\/span><\/div><div class=\"dsm_image_hotspot_tooltip et_pb_bg_layout_dark\"><\/div>\n\t\t\t<\/div>hochpr\u00e4zise Verzahnung, die ein reibungsloses Ineinandergreifen [&hellip;]<\/p>","protected":false},"author":1,"featured_media":0,"parent":0,"menu_order":0,"comment_status":"closed","ping_status":"closed","template":"","meta":{"_et_pb_use_builder":"on","_et_pb_old_content":"","_et_gb_content_width":"","footnotes":""},"class_list":["post-468","page","type-page","status-publish","hentry"],"yoast_head":"<!-- This site is optimized with the Yoast SEO plugin v26.7 - https:\/\/yoast.com\/wordpress\/plugins\/seo\/ -->\n<title>Messer &amp; Zubeh\u00f6r f\u00fcr Querschneider | Vokore<\/title>\n<meta name=\"description\" content=\"Hochwertige Querschneidemesser und Zubeh\u00f6r f\u00fcr Wellpappenanlagen. Pr\u00e4zise gefertigt, langlebig und optimal f\u00fcr Ihre Produktion.\" \/>\n<meta name=\"robots\" content=\"index, follow, max-snippet:-1, max-image-preview:large, max-video-preview:-1\" \/>\n<link rel=\"canonical\" href=\"https:\/\/vokore.de\/en\/querschneidemesser\/\" \/>\n<meta property=\"og:locale\" content=\"en_GB\" \/>\n<meta property=\"og:type\" content=\"article\" \/>\n<meta property=\"og:title\" content=\"Messer &amp; Zubeh\u00f6r f\u00fcr Querschneider | Vokore\" \/>\n<meta property=\"og:description\" content=\"Hochwertige Querschneidemesser und Zubeh\u00f6r f\u00fcr Wellpappenanlagen. Pr\u00e4zise gefertigt, langlebig und optimal f\u00fcr Ihre Produktion.\" \/>\n<meta property=\"og:url\" content=\"https:\/\/vokore.de\/en\/querschneidemesser\/\" \/>\n<meta property=\"og:site_name\" content=\"vokore\" \/>\n<meta property=\"article:modified_time\" content=\"2025-12-17T09:20:47+00:00\" \/>\n<meta name=\"twitter:card\" content=\"summary_large_image\" \/>\n<meta name=\"twitter:label1\" content=\"Estimated reading time\" \/>\n\t<meta name=\"twitter:data1\" content=\"1 minute\" \/>\n<script type=\"application\/ld+json\" class=\"yoast-schema-graph\">{\"@context\":\"https:\/\/schema.org\",\"@graph\":[{\"@type\":\"WebPage\",\"@id\":\"https:\/\/vokore.de\/querschneidemesser\/\",\"url\":\"https:\/\/vokore.de\/querschneidemesser\/\",\"name\":\"Messer & Zubeh\u00f6r f\u00fcr Querschneider | Vokore\",\"isPartOf\":{\"@id\":\"https:\/\/vokore.aweos.dev\/#website\"},\"datePublished\":\"2025-09-03T08:35:26+00:00\",\"dateModified\":\"2025-12-17T09:20:47+00:00\",\"description\":\"Hochwertige Querschneidemesser und Zubeh\u00f6r f\u00fcr Wellpappenanlagen. Pr\u00e4zise gefertigt, langlebig und optimal f\u00fcr Ihre Produktion.\",\"breadcrumb\":{\"@id\":\"https:\/\/vokore.de\/querschneidemesser\/#breadcrumb\"},\"inLanguage\":\"en-GB\",\"potentialAction\":[{\"@type\":\"ReadAction\",\"target\":[\"https:\/\/vokore.de\/querschneidemesser\/\"]}]},{\"@type\":\"BreadcrumbList\",\"@id\":\"https:\/\/vokore.de\/querschneidemesser\/#breadcrumb\",\"itemListElement\":[{\"@type\":\"ListItem\",\"position\":1,\"name\":\"Start\",\"item\":\"https:\/\/vokore.de\/\"},{\"@type\":\"ListItem\",\"position\":2,\"name\":\"Messer und Zubeh\u00f6r f\u00fcr Querschneider\"}]},{\"@type\":\"WebSite\",\"@id\":\"https:\/\/vokore.aweos.dev\/#website\",\"url\":\"https:\/\/vokore.aweos.dev\/\",\"name\":\"vokore\",\"description\":\"\",\"potentialAction\":[{\"@type\":\"SearchAction\",\"target\":{\"@type\":\"EntryPoint\",\"urlTemplate\":\"https:\/\/vokore.aweos.dev\/?s={search_term_string}\"},\"query-input\":{\"@type\":\"PropertyValueSpecification\",\"valueRequired\":true,\"valueName\":\"search_term_string\"}}],\"inLanguage\":\"en-GB\"}]}<\/script>\n<!-- \/ Yoast SEO plugin. -->","yoast_head_json":{"title":"Messer & Zubeh\u00f6r f\u00fcr Querschneider | Vokore","description":"Hochwertige Querschneidemesser und Zubeh\u00f6r f\u00fcr Wellpappenanlagen. Pr\u00e4zise gefertigt, langlebig und optimal f\u00fcr Ihre Produktion.","robots":{"index":"index","follow":"follow","max-snippet":"max-snippet:-1","max-image-preview":"max-image-preview:large","max-video-preview":"max-video-preview:-1"},"canonical":"https:\/\/vokore.de\/en\/querschneidemesser\/","og_locale":"en_GB","og_type":"article","og_title":"Messer & Zubeh\u00f6r f\u00fcr Querschneider | Vokore","og_description":"Hochwertige Querschneidemesser und Zubeh\u00f6r f\u00fcr Wellpappenanlagen. Pr\u00e4zise gefertigt, langlebig und optimal f\u00fcr Ihre Produktion.","og_url":"https:\/\/vokore.de\/en\/querschneidemesser\/","og_site_name":"vokore","article_modified_time":"2025-12-17T09:20:47+00:00","twitter_card":"summary_large_image","twitter_misc":{"Estimated reading time":"1 minute"},"schema":{"@context":"https:\/\/schema.org","@graph":[{"@type":"WebPage","@id":"https:\/\/vokore.de\/querschneidemesser\/","url":"https:\/\/vokore.de\/querschneidemesser\/","name":"Messer & Zubeh\u00f6r f\u00fcr Querschneider | Vokore","isPartOf":{"@id":"https:\/\/vokore.aweos.dev\/#website"},"datePublished":"2025-09-03T08:35:26+00:00","dateModified":"2025-12-17T09:20:47+00:00","description":"Hochwertige Querschneidemesser und Zubeh\u00f6r f\u00fcr Wellpappenanlagen. Pr\u00e4zise gefertigt, langlebig und optimal f\u00fcr Ihre Produktion.","breadcrumb":{"@id":"https:\/\/vokore.de\/querschneidemesser\/#breadcrumb"},"inLanguage":"en-GB","potentialAction":[{"@type":"ReadAction","target":["https:\/\/vokore.de\/querschneidemesser\/"]}]},{"@type":"BreadcrumbList","@id":"https:\/\/vokore.de\/querschneidemesser\/#breadcrumb","itemListElement":[{"@type":"ListItem","position":1,"name":"Start","item":"https:\/\/vokore.de\/"},{"@type":"ListItem","position":2,"name":"Messer und Zubeh\u00f6r f\u00fcr Querschneider"}]},{"@type":"WebSite","@id":"https:\/\/vokore.aweos.dev\/#website","url":"https:\/\/vokore.aweos.dev\/","name":"vokore","description":"","potentialAction":[{"@type":"SearchAction","target":{"@type":"EntryPoint","urlTemplate":"https:\/\/vokore.aweos.dev\/?s={search_term_string}"},"query-input":{"@type":"PropertyValueSpecification","valueRequired":true,"valueName":"search_term_string"}}],"inLanguage":"en-GB"}]}},"_links":{"self":[{"href":"https:\/\/vokore.de\/en\/wp-json\/wp\/v2\/pages\/468","targetHints":{"allow":["GET"]}}],"collection":[{"href":"https:\/\/vokore.de\/en\/wp-json\/wp\/v2\/pages"}],"about":[{"href":"https:\/\/vokore.de\/en\/wp-json\/wp\/v2\/types\/page"}],"author":[{"embeddable":true,"href":"https:\/\/vokore.de\/en\/wp-json\/wp\/v2\/users\/1"}],"replies":[{"embeddable":true,"href":"https:\/\/vokore.de\/en\/wp-json\/wp\/v2\/comments?post=468"}],"version-history":[{"count":22,"href":"https:\/\/vokore.de\/en\/wp-json\/wp\/v2\/pages\/468\/revisions"}],"predecessor-version":[{"id":1389,"href":"https:\/\/vokore.de\/en\/wp-json\/wp\/v2\/pages\/468\/revisions\/1389"}],"wp:attachment":[{"href":"https:\/\/vokore.de\/en\/wp-json\/wp\/v2\/media?parent=468"}],"curies":[{"name":"wp","href":"https:\/\/api.w.org\/{rel}","templated":true}]}}