{"id":474,"date":"2025-09-03T08:35:57","date_gmt":"2025-09-03T08:35:57","guid":{"rendered":"https:\/\/vokore.de\/?page_id=474"},"modified":"2025-12-17T09:26:49","modified_gmt":"2025-12-17T09:26:49","slug":"gegenmesser-kreismesser-zwischenringe","status":"publish","type":"page","link":"https:\/\/vokore.de\/en\/gegenmesser-kreismesser-zwischenringe\/","title":{"rendered":"Counter Knives \/ Circular Knives \/ Spacer Rings"},"content":{"rendered":"<p>[et_pb_section fb_built=&#8220;1&#8243; _builder_version=&#8220;4.27.4&#8243; use_background_color_gradient=&#8220;on&#8220; background_color_gradient_direction=&#8220;90deg&#8220; background_color_gradient_stops=&#8220;rgba(0,0,0,0.6) 0%|rgba(0,0,0,0.6) 100%&#8220; background_color_gradient_overlays_image=&#8220;on&#8220; background_color_gradient_start=&#8220;rgba(0,0,0,0.6)&#8220; background_color_gradient_end=&#8220;rgba(0,0,0,0.6)&#8220; background_image=&#8220;https:\/\/vokore.de\/wp-content\/uploads\/2025\/12\/2025_10_Vokore_0020047.jpg&#8220; custom_padding=&#8220;0px||0px||true|false&#8220; global_colors_info=&#8220;{}&#8220;][et_pb_row _builder_version=&#8220;4.16&#8243; custom_padding=&#8220;75px||75px||true|false&#8220; animation_style=&#8220;slide&#8220; animation_direction=&#8220;bottom&#8220; animation_duration=&#8220;2000ms&#8220; animation_intensity_slide=&#8220;8%&#8220; global_colors_info=&#8220;{}&#8220;][et_pb_column type=&#8220;4_4&#8243; _builder_version=&#8220;4.16&#8243; animation_direction=&#8220;left&#8220; global_colors_info=&#8220;{}&#8220;][et_pb_text _builder_version=&#8220;4.27.5&#8243; text_font=&#8220;|700||on|||||&#8220; text_text_color=&#8220;#FFFFFF&#8220; text_font_size=&#8220;12px&#8220; text_letter_spacing=&#8220;4px&#8220; background_enable_color=&#8220;off&#8220; background_layout=&#8220;dark&#8220; custom_margin=&#8220;|auto|0px|auto|false|false&#8220; custom_padding=&#8220;3px|15px|0px|15px|false|true&#8220; custom_css_main_element=&#8220;width: fit-content;&#8220; global_colors_info=&#8220;{}&#8220;]<\/p>\n<p><strong><span style=\"color: #ff0000;\">Products<\/span><\/strong><\/p>\n<p>[\/et_pb_text][et_pb_text _builder_version=&#8220;4.27.5&#8243; header_font=&#8220;|700|||||||&#8220; header_text_align=&#8220;center&#8220; header_text_color=&#8220;#FFFFFF&#8220; header_font_size=&#8220;60px&#8220; header_font_size_tablet=&#8220;&#8220; header_font_size_phone=&#8220;48px&#8220; header_font_size_last_edited=&#8220;on|phone&#8220; global_colors_info=&#8220;{}&#8220;]<\/p>\n<h1 style=\"text-align: center;\"><strong><span style=\"color: #ffffff;\">Counter Knives, Circular Knives &amp; Spacer Rings<\/span><\/strong><\/h1>\n<p>[\/et_pb_text][et_pb_button button_url=&#8220;tel:+49219178225550&#8243; button_text=&#8220;Jetzt anfragen&#8220; button_alignment=&#8220;center&#8220; admin_label=&#8220;Button&#8220; _builder_version=&#8220;4.27.4&#8243; custom_button=&#8220;on&#8220; button_text_size=&#8220;15px&#8220; button_text_color=&#8220;#FFFFFF&#8220; button_bg_color=&#8220;#d62828&#8243; button_border_width=&#8220;0px&#8220; button_border_radius=&#8220;50px&#8220; button_font=&#8220;|||on|||||&#8220; button_use_icon=&#8220;off&#8220; custom_padding=&#8220;6px|20px|6px|20px|true|true&#8220; box_shadow_style=&#8220;preset1&#8243; global_colors_info=&#8220;{}&#8220; button_text_color__hover_enabled=&#8220;off|desktop&#8220; button_bg_color__hover_enabled=&#8220;on|hover&#8220; button_bg_color__hover=&#8220;#23232d&#8220; button_bg_enable_color__hover=&#8220;on&#8220;][\/et_pb_button][\/et_pb_column][\/et_pb_row][\/et_pb_section][et_pb_section fb_built=&#8220;1&#8243; _builder_version=&#8220;4.27.5&#8243; custom_padding=&#8220;||0px||false|false&#8220; hover_enabled=&#8220;0&#8243; collapsed=&#8220;off&#8220; global_colors_info=&#8220;{}&#8220; custom_padding_last_edited=&#8220;on|phone&#8220; sticky_enabled=&#8220;0&#8243; custom_padding_tablet=&#8220;||0px||false|false&#8220; custom_padding_phone=&#8220;||0px||false|false&#8220;][et_pb_row column_structure=&#8220;1_2,1_2&#8243; _builder_version=&#8220;4.27.5&#8243; hover_enabled=&#8220;0&#8243; global_colors_info=&#8220;{}&#8220; custom_padding_last_edited=&#8220;on|phone&#8220; sticky_enabled=&#8220;0&#8243; custom_padding_tablet=&#8220;0px||||false|false&#8220; custom_padding_phone=&#8220;0px||||false|false&#8220;][et_pb_column type=&#8220;1_2&#8243; _builder_version=&#8220;4.16&#8243; global_colors_info=&#8220;{}&#8220;][et_pb_text disabled_on=&#8220;off|off|off&#8220; module_class=&#8220;highlight-label&#8220; _builder_version=&#8220;4.27.4&#8243; text_font=&#8220;|700||on|||||&#8220; text_text_color=&#8220;#d62828&#8243; text_font_size=&#8220;13px&#8220; text_letter_spacing=&#8220;4px&#8220; background_enable_color=&#8220;off&#8220; custom_margin=&#8220;||10px||false|false&#8220; custom_padding=&#8220;2px|10px|0px|10px|false|true&#8220; custom_css_main_element=&#8220;width: fit-content;&#8220; global_colors_info=&#8220;{}&#8220;]<\/p>\n<p style=\"text-align: center;\"><span>Counter Knives <\/span><span>Circular Knives <\/span><span>Spacer Rings<\/span><\/p>\n<p>[\/et_pb_text][et_pb_text _builder_version=&#8220;4.27.4&#8243; text_text_color=&#8220;#878787&#8243; text_font_size=&#8220;18px&#8220; width_tablet=&#8220;&#8220; width_phone=&#8220;&#8220; width_last_edited=&#8220;on|phone&#8220; custom_margin=&#8220;||||false|false&#8220; global_colors_info=&#8220;{}&#8220;]<\/p>\n<p>Our counter (female) knives, trimmer knives and spacer rings are used for the clean cutting of corrugated board. All components are meticulously matched to each other to ensure sharp edges, high level of dimensional accuracy and consistent cutting quality.<\/p>\n<p>The knives are made of premium-grade, hardened tool steel and meet the tightest tolerances in the \u00b5 range. Thanks to their high hardness and accurate machining, they offer a long service life and dependable performance even at high production speeds.<\/p>\n<p>Spacer rings ensure the perfect alignment of the slotting knives and enable precise cutting widths. All parts can be custom-made according to drawings, samples or customer specifications \u2013 perfectly tailored to the respective slotting unit.<\/p>\n<p>[\/et_pb_text][\/et_pb_column][et_pb_column type=&#8220;1_2&#8243; _builder_version=&#8220;4.16&#8243; global_colors_info=&#8220;{}&#8220;][dsm_image_hotspots src=&#8220;https:\/\/vokore.de\/wp-content\/uploads\/2025\/12\/2025_10_Vokore_011_00066.jpg&#8220; title_text=&#8220;Stacked from 9 images. Method=C (S=3)&#8220; _builder_version=&#8220;4.27.4&#8243; _module_preset=&#8220;default&#8220; global_colors_info=&#8220;{}&#8220;][\/dsm_image_hotspots][\/et_pb_column][\/et_pb_row][et_pb_row column_structure=&#8220;1_3,1_3,1_3&#8243; _builder_version=&#8220;4.27.4&#8243; _module_preset=&#8220;default&#8220; global_colors_info=&#8220;{}&#8220;][et_pb_column type=&#8220;1_3&#8243; _builder_version=&#8220;4.27.4&#8243; _module_preset=&#8220;default&#8220; global_colors_info=&#8220;{}&#8220;][dsm_image_hotspots src=&#8220;https:\/\/vokore.de\/wp-content\/uploads\/2025\/12\/2025_10_Vokore_010_10065.jpg&#8220; title_text=&#8220;Stacked from 9 images. Method=C (S=3)&#8220; _builder_version=&#8220;4.27.4&#8243; _module_preset=&#8220;default&#8220; global_colors_info=&#8220;{}&#8220;][dsm_image_hotspots_child icon_font_size=&#8220;18px&#8220; left_position=&#8220;78%&#8220; top_position=&#8220;15%&#8220; tooltip_background_color=&#8220;#f7f7f7&#8243; pulse_animation=&#8220;on&#8220; pulse_background_color=&#8220;#d62828&#8243; _builder_version=&#8220;4.27.4&#8243; _module_preset=&#8220;default&#8220; background_color=&#8220;#d62828&#8243; background_enable_color=&#8220;on&#8220; global_colors_info=&#8220;{}&#8220;]<\/p>\n<p>Specially polished cutting edge for maximum wear resistance<\/p>\n<p>[\/dsm_image_hotspots_child][\/dsm_image_hotspots][\/et_pb_column][et_pb_column type=&#8220;1_3&#8243; _builder_version=&#8220;4.27.4&#8243; _module_preset=&#8220;default&#8220; global_colors_info=&#8220;{}&#8220;][dsm_image_hotspots src=&#8220;https:\/\/vokore.de\/wp-content\/uploads\/2025\/12\/2025_10_Vokore_006_00054.jpg&#8220; title_text=&#8220;Stacked from 10 images. Method=C (S=3)&#8220; _builder_version=&#8220;4.27.4&#8243; _module_preset=&#8220;default&#8220; global_colors_info=&#8220;{}&#8220;][dsm_image_hotspots_child icon_font_size=&#8220;18px&#8220; left_position=&#8220;74%&#8220; top_position=&#8220;27%&#8220; tooltip_background_color=&#8220;#f7f7f7&#8243; pulse_animation=&#8220;on&#8220; pulse_background_color=&#8220;#d62828&#8243; _builder_version=&#8220;4.27.4&#8243; _module_preset=&#8220;default&#8220; text_letter_spacing=&#8220;0px&#8220; background_color=&#8220;#d62828&#8243; background_enable_color=&#8220;on&#8220; global_colors_info=&#8220;{}&#8220;]<\/p>\n<p>Made to order in any shape, with super sharp edges for the best cutting results<\/p>\n<p>[\/dsm_image_hotspots_child][\/dsm_image_hotspots][\/et_pb_column][et_pb_column type=&#8220;1_3&#8243; _builder_version=&#8220;4.27.4&#8243; _module_preset=&#8220;default&#8220; global_colors_info=&#8220;{}&#8220;][dsm_image_hotspots src=&#8220;https:\/\/vokore.de\/wp-content\/uploads\/2025\/12\/2025_10_Vokore_009_10064.jpg&#8220; title_text=&#8220;Stacked from 9 images. Method=C (S=3)&#8220; _builder_version=&#8220;4.27.4&#8243; _module_preset=&#8220;default&#8220; locked=&#8220;off&#8220; global_colors_info=&#8220;{}&#8220;][dsm_image_hotspots_child icon_font_size=&#8220;18px&#8220; left_position=&#8220;80%&#8220; top_position=&#8220;32%&#8220; tooltip_background_color=&#8220;#f7f7f7&#8243; pulse_animation=&#8220;on&#8220; pulse_background_color=&#8220;#d62828&#8243; _builder_version=&#8220;4.27.4&#8243; _module_preset=&#8220;default&#8220; background_color=&#8220;#d62828&#8243; background_enable_color=&#8220;on&#8220; global_colors_info=&#8220;{}&#8220;]<\/p>\n<p>Optimised for longevity and reliable cutting<\/p>\n<p>[\/dsm_image_hotspots_child][\/dsm_image_hotspots][\/et_pb_column][\/et_pb_row][\/et_pb_section][et_pb_section fb_built=&#8220;1&#8243; admin_label=&#8220;Info-Box&#8220; _builder_version=&#8220;4.27.4&#8243; background_enable_color=&#8220;off&#8220; saved_tabs=&#8220;all&#8220; global_colors_info=&#8220;{}&#8220;][et_pb_row _builder_version=&#8220;4.16&#8243; global_colors_info=&#8220;{}&#8220;][et_pb_column type=&#8220;4_4&#8243; _builder_version=&#8220;4.16&#8243; global_colors_info=&#8220;{}&#8220;][et_pb_text module_class=&#8220;highlight-label-center-white&#8220; _builder_version=&#8220;4.27.4&#8243; text_font=&#8220;|700||on|||||&#8220; text_text_color=&#8220;#FFFFFF&#8220; text_font_size=&#8220;13px&#8220; text_letter_spacing=&#8220;4px&#8220; background_color=&#8220;#d62828&#8243; custom_margin=&#8220;|auto|10px|auto|false|false&#8220; custom_padding=&#8220;2px|10px|2px|10px|false|true&#8220; custom_css_main_element=&#8220;width: fit-content;&#8220; global_colors_info=&#8220;{}&#8220;]<span>IMPORTANT INFORMATION<\/span>[\/et_pb_text][et_pb_text _builder_version=&#8220;4.27.4&#8243; header_2_text_align=&#8220;center&#8220; header_2_text_color=&#8220;#0a0a0a&#8220; header_2_font_size=&#8220;48px&#8220; global_colors_info=&#8220;{}&#8220;]<\/p>\n<h2>Enquiries can also be submitted using the OEM numbers provided by the machine manufacturers.<\/h2>\n<p>[\/et_pb_text][et_pb_button button_url=&#8220;tel:+49219178225550&#8243; button_text=&#8220;JETZT ANFRAGEN&#8220; button_alignment=&#8220;center&#8220; _builder_version=&#8220;4.27.4&#8243; custom_button=&#8220;on&#8220; button_text_size=&#8220;15px&#8220; button_text_color=&#8220;#FFFFFF&#8220; button_bg_color=&#8220;#d62828&#8243; button_border_width=&#8220;0px&#8220; button_border_radius=&#8220;50px&#8220; button_font=&#8220;|||on|||||&#8220; button_use_icon=&#8220;off&#8220; custom_padding=&#8220;6px|20px|6px|20px|true|true&#8220; box_shadow_style=&#8220;preset1&#8243; global_colors_info=&#8220;{}&#8220; button_text_color__hover_enabled=&#8220;on|hover&#8220; button_bg_color__hover_enabled=&#8220;on|hover&#8220; button_bg_color__hover=&#8220;#FFFFFF&#8220; button_bg_enable_color__hover=&#8220;on&#8220; button_text_color__hover=&#8220;#000000&#8243;][\/et_pb_button][\/et_pb_column][\/et_pb_row][\/et_pb_section]<\/p>","protected":false},"excerpt":{"rendered":"<p>ProdukteGegenmesser, Kreismesser &amp; ZwischenringeGegenmesser, Kreismesser, ZwischenringeUnsere Gegenmesser, Randbeschnittmesser und Zwischenringe werden f\u00fcr das pr\u00e4zise Schneiden von Wellpappe eingesetzt. Alle Komponenten sind exakt aufeinander abgestimmt, um saubere Schnittkanten, eine hohe Ma\u00dfhaltigkeit und eine gleichbleibende Schnittqualit\u00e4t zu gew\u00e4hrleisten. Die Messer werden aus hochwertigen, geh\u00e4rteten Werkzeugst\u00e4hlen gefertigt und erf\u00fcllen engste Toleranzen im \u00b5-Bereich. Durch ihre hohe H\u00e4rte und pr\u00e4zise Bearbeitung bieten sie eine lange Standzeit und zuverl\u00e4ssige Performance auch bei hohen Produktionsgeschwindigkeiten. Zwischenringe sorgen f\u00fcr die exakte Positionierung der Schneideinheiten und erm\u00f6glichen pr\u00e4zise Schnittbreiten. Alle Teile k\u00f6nnen individuell nach Zeichnung, Muster oder Kundenspezifikation gefertigt werden \u2013 optimal abgestimmt auf die jeweilige Schneidanlage.<div class=\"et_pb_module dsm_image_hotspots dsm_image_hotspots_0\">\n\t\t\t\t\n\t\t\t\t\n\t\t\t\t\n\t\t\t\t\n\t\t\t\t\n\t\t\t\t\n\t\t\t\t<div class=\"et_pb_module_inner\">\n\t\t\t\t\t\n\t\t\t\n\t\t\t<div class=\"dsm_image_hotspots_wrap\"  data-dsm-tooltip-animation=\"fade\" data-dsm-hotspot=\"dsm_image_hotspots_0\" data-tippy-delay=\"[50, 50]\" data-tippy-trigger=\"mouseenter\"><div class=\"dsm_image_hotspots_img_wrap\"><img decoding=\"async\" src=\"https:\/\/vokore.de\/wp-content\/uploads\/2025\/12\/2025_10_Vokore_011_00066.jpg\" alt=\"\" title=\"Stacked from 9 images. Method=C (S=3)\" srcset=\"https:\/\/vokore.de\/wp-content\/uploads\/2025\/12\/2025_10_Vokore_011_00066.jpg 2000w, https:\/\/vokore.de\/wp-content\/uploads\/2025\/12\/2025_10_Vokore_011_00066-1280x852.jpg 1280w, https:\/\/vokore.de\/wp-content\/uploads\/2025\/12\/2025_10_Vokore_011_00066-980x652.jpg 980w, https:\/\/vokore.de\/wp-content\/uploads\/2025\/12\/2025_10_Vokore_011_00066-480x319.jpg 480w\" sizes=\"(min-width: 0px) and (max-width: 480px) 480px, (min-width: 481px) and (max-width: 980px) 980px, (min-width: 981px) and (max-width: 1280px) 1280px, (min-width: 1281px) 2000px, 100vw\" \/><\/div><\/div>\n\t\t\t\n\t\t\t\t<\/div>\n\t\t\t<\/div><div class=\"et_pb_module dsm_image_hotspots dsm_image_hotspots_1\">\n\t\t\t\t\n\t\t\t\t\n\t\t\t\t\n\t\t\t\t\n\t\t\t\t\n\t\t\t\t\n\t\t\t\t<div class=\"et_pb_module_inner\">\n\t\t\t\t\t\n\t\t\t\n\t\t\t<div class=\"dsm_image_hotspots_wrap\"  data-dsm-tooltip-animation=\"fade\" data-dsm-hotspot=\"dsm_image_hotspots_1\" data-tippy-delay=\"[50, 50]\" data-tippy-trigger=\"mouseenter\"><div class=\"dsm_image_hotspots_img_wrap\"><img decoding=\"async\" src=\"https:\/\/vokore.de\/wp-content\/uploads\/2025\/12\/2025_10_Vokore_010_10065.jpg\" alt=\"\" title=\"Stacked from 9 images. Method=C (S=3)\" srcset=\"https:\/\/vokore.de\/wp-content\/uploads\/2025\/12\/2025_10_Vokore_010_10065.jpg 2000w, https:\/\/vokore.de\/wp-content\/uploads\/2025\/12\/2025_10_Vokore_010_10065-1280x852.jpg 1280w, https:\/\/vokore.de\/wp-content\/uploads\/2025\/12\/2025_10_Vokore_010_10065-980x652.jpg 980w, https:\/\/vokore.de\/wp-content\/uploads\/2025\/12\/2025_10_Vokore_010_10065-480x319.jpg 480w\" sizes=\"(min-width: 0px) and (max-width: 480px) 480px, (min-width: 481px) and (max-width: 980px) 980px, (min-width: 981px) and (max-width: 1280px) 1280px, (min-width: 1281px) 2000px, 100vw\" \/><\/div><div class=\"dsm_image_hotspots_child dsm_image_hotspots_child_0\">\n\t\t\t\t\n\t\t\t\t\n\t\t\t\t\n\t\t\t\t\n\t\t\t\t<div class=\"dsm_image_hotspot_pulse\"><\/div><div class=\"dsm_image_hotspots_wrapper\" data-tippy-arrow=\"true\" data-tippy-placement=\"top\" data-slug=\"dsm_image_hotspots_child_0\"><span class=\"dsm_image_hotspots_icon et-pb-icon\"><span>L<\/span><\/span><\/div><div class=\"dsm_image_hotspot_tooltip et_pb_bg_layout_dark\"><div class=\"dsm_image_tooltip_content\">Specially polished cutting edge for maximum wear resistance<\/div><\/div>\n\t\t\t<\/div><\/div>\n\t\t\t\n\t\t\t\t<\/div>\n\t\t\t<\/div><div class=\"et_pb_module dsm_image_hotspots dsm_image_hotspots_2\">\n\t\t\t\t\n\t\t\t\t\n\t\t\t\t\n\t\t\t\t\n\t\t\t\t\n\t\t\t\t\n\t\t\t\t<div class=\"et_pb_module_inner\">\n\t\t\t\t\t\n\t\t\t\n\t\t\t<div class=\"dsm_image_hotspots_wrap\"  data-dsm-tooltip-animation=\"fade\" data-dsm-hotspot=\"dsm_image_hotspots_2\" data-tippy-delay=\"[50, 50]\" data-tippy-trigger=\"mouseenter\"><div class=\"dsm_image_hotspots_img_wrap\"><img decoding=\"async\" src=\"https:\/\/vokore.de\/wp-content\/uploads\/2025\/12\/2025_10_Vokore_006_00054.jpg\" alt=\"\" title=\"Stacked from 10 images. Method=C (S=3)\" srcset=\"https:\/\/vokore.de\/wp-content\/uploads\/2025\/12\/2025_10_Vokore_006_00054.jpg 2000w, https:\/\/vokore.de\/wp-content\/uploads\/2025\/12\/2025_10_Vokore_006_00054-1280x852.jpg 1280w, https:\/\/vokore.de\/wp-content\/uploads\/2025\/12\/2025_10_Vokore_006_00054-980x652.jpg 980w, https:\/\/vokore.de\/wp-content\/uploads\/2025\/12\/2025_10_Vokore_006_00054-480x319.jpg 480w\" sizes=\"(min-width: 0px) and (max-width: 480px) 480px, (min-width: 481px) and (max-width: 980px) 980px, (min-width: 981px) and (max-width: 1280px) 1280px, (min-width: 1281px) 2000px, 100vw\" \/><\/div><div class=\"dsm_image_hotspots_child dsm_image_hotspots_child_1\">\n\t\t\t\t\n\t\t\t\t\n\t\t\t\t\n\t\t\t\t\n\t\t\t\t<div class=\"dsm_image_hotspot_pulse\"><\/div><div class=\"dsm_image_hotspots_wrapper\" data-tippy-arrow=\"true\" data-tippy-placement=\"top\" data-slug=\"dsm_image_hotspots_child_1\"><span class=\"dsm_image_hotspots_icon et-pb-icon\"><span>L<\/span><\/span><\/div><div class=\"dsm_image_hotspot_tooltip et_pb_bg_layout_dark\"><div class=\"dsm_image_tooltip_content\">Made to order in any shape, with super sharp edges for the best cutting results<\/div><\/div>\n\t\t\t<\/div><\/div>\n\t\t\t\n\t\t\t\t<\/div>\n\t\t\t<\/div><div class=\"et_pb_module dsm_image_hotspots dsm_image_hotspots_3\">\n\t\t\t\t\n\t\t\t\t\n\t\t\t\t\n\t\t\t\t\n\t\t\t\t\n\t\t\t\t\n\t\t\t\t<div class=\"et_pb_module_inner\">\n\t\t\t\t\t\n\t\t\t\n\t\t\t<div class=\"dsm_image_hotspots_wrap\"  data-dsm-tooltip-animation=\"fade\" data-dsm-hotspot=\"dsm_image_hotspots_3\" data-tippy-delay=\"[50, 50]\" data-tippy-trigger=\"mouseenter\"><div class=\"dsm_image_hotspots_img_wrap\"><img decoding=\"async\" src=\"https:\/\/vokore.de\/wp-content\/uploads\/2025\/12\/2025_10_Vokore_009_10064.jpg\" alt=\"\" title=\"Stacked from 9 images. Method=C (S=3)\" srcset=\"https:\/\/vokore.de\/wp-content\/uploads\/2025\/12\/2025_10_Vokore_009_10064.jpg 2000w, https:\/\/vokore.de\/wp-content\/uploads\/2025\/12\/2025_10_Vokore_009_10064-1280x852.jpg 1280w, https:\/\/vokore.de\/wp-content\/uploads\/2025\/12\/2025_10_Vokore_009_10064-980x652.jpg 980w, https:\/\/vokore.de\/wp-content\/uploads\/2025\/12\/2025_10_Vokore_009_10064-480x319.jpg 480w\" sizes=\"(min-width: 0px) and (max-width: 480px) 480px, (min-width: 481px) and (max-width: 980px) 980px, (min-width: 981px) and (max-width: 1280px) 1280px, (min-width: 1281px) 2000px, 100vw\" \/><\/div><div class=\"dsm_image_hotspots_child dsm_image_hotspots_child_2\">\n\t\t\t\t\n\t\t\t\t\n\t\t\t\t\n\t\t\t\t\n\t\t\t\t<div class=\"dsm_image_hotspot_pulse\"><\/div><div class=\"dsm_image_hotspots_wrapper\" data-tippy-arrow=\"true\" data-tippy-placement=\"top\" data-slug=\"dsm_image_hotspots_child_2\"><span class=\"dsm_image_hotspots_icon et-pb-icon\"><span>L<\/span><\/span><\/div><div class=\"dsm_image_hotspot_tooltip et_pb_bg_layout_dark\"><div class=\"dsm_image_tooltip_content\">Optimised for longevity and reliable cutting<\/div><\/div>\n\t\t\t<\/div><\/div>\n\t\t\t\n\t\t\t\t<\/div>\n\t\t\t<\/div>WICHTIGE INFOAnfragen sind auch mit den [&hellip;]<\/p>","protected":false},"author":1,"featured_media":0,"parent":0,"menu_order":0,"comment_status":"closed","ping_status":"closed","template":"","meta":{"_et_pb_use_builder":"on","_et_pb_old_content":"","_et_gb_content_width":"","footnotes":""},"class_list":["post-474","page","type-page","status-publish","hentry"],"yoast_head":"<!-- This site is optimized with the Yoast SEO plugin v26.7 - https:\/\/yoast.com\/wordpress\/plugins\/seo\/ -->\n<title>Gegenmesser, Kreismesser &amp; Zwischenringe | Vokore<\/title>\n<meta name=\"description\" content=\"Gegenmesser, Kreismesser und Zwischenringe f\u00fcr Wellpappenanlagen \u2013 pr\u00e4zise gefertigt, langlebig und Qualit\u00e4t Made in Germany.\" \/>\n<meta name=\"robots\" content=\"index, follow, max-snippet:-1, max-image-preview:large, max-video-preview:-1\" \/>\n<link rel=\"canonical\" href=\"https:\/\/vokore.de\/en\/gegenmesser-kreismesser-zwischenringe\/\" \/>\n<meta property=\"og:locale\" content=\"en_GB\" \/>\n<meta property=\"og:type\" content=\"article\" \/>\n<meta property=\"og:title\" content=\"Gegenmesser, Kreismesser &amp; Zwischenringe | Vokore\" \/>\n<meta property=\"og:description\" content=\"Gegenmesser, Kreismesser und Zwischenringe f\u00fcr Wellpappenanlagen \u2013 pr\u00e4zise gefertigt, langlebig und Qualit\u00e4t Made in Germany.\" \/>\n<meta property=\"og:url\" content=\"https:\/\/vokore.de\/en\/gegenmesser-kreismesser-zwischenringe\/\" \/>\n<meta property=\"og:site_name\" content=\"vokore\" \/>\n<meta property=\"article:modified_time\" content=\"2025-12-17T09:26:49+00:00\" \/>\n<meta name=\"twitter:card\" content=\"summary_large_image\" \/>\n<meta name=\"twitter:label1\" content=\"Estimated reading time\" \/>\n\t<meta name=\"twitter:data1\" content=\"3 minutes\" \/>\n<script type=\"application\/ld+json\" class=\"yoast-schema-graph\">{\"@context\":\"https:\/\/schema.org\",\"@graph\":[{\"@type\":\"WebPage\",\"@id\":\"https:\/\/vokore.de\/gegenmesser-kreismesser-zwischenringe\/\",\"url\":\"https:\/\/vokore.de\/gegenmesser-kreismesser-zwischenringe\/\",\"name\":\"Gegenmesser, Kreismesser & Zwischenringe | Vokore\",\"isPartOf\":{\"@id\":\"https:\/\/vokore.aweos.dev\/#website\"},\"datePublished\":\"2025-09-03T08:35:57+00:00\",\"dateModified\":\"2025-12-17T09:26:49+00:00\",\"description\":\"Gegenmesser, Kreismesser und Zwischenringe f\u00fcr Wellpappenanlagen \u2013 pr\u00e4zise gefertigt, langlebig und Qualit\u00e4t Made in Germany.\",\"breadcrumb\":{\"@id\":\"https:\/\/vokore.de\/gegenmesser-kreismesser-zwischenringe\/#breadcrumb\"},\"inLanguage\":\"en-GB\",\"potentialAction\":[{\"@type\":\"ReadAction\",\"target\":[\"https:\/\/vokore.de\/gegenmesser-kreismesser-zwischenringe\/\"]}]},{\"@type\":\"BreadcrumbList\",\"@id\":\"https:\/\/vokore.de\/gegenmesser-kreismesser-zwischenringe\/#breadcrumb\",\"itemListElement\":[{\"@type\":\"ListItem\",\"position\":1,\"name\":\"Start\",\"item\":\"https:\/\/vokore.de\/\"},{\"@type\":\"ListItem\",\"position\":2,\"name\":\"Gegenmesser, Kreismesser &#038; Zwischenringe\"}]},{\"@type\":\"WebSite\",\"@id\":\"https:\/\/vokore.aweos.dev\/#website\",\"url\":\"https:\/\/vokore.aweos.dev\/\",\"name\":\"vokore\",\"description\":\"\",\"potentialAction\":[{\"@type\":\"SearchAction\",\"target\":{\"@type\":\"EntryPoint\",\"urlTemplate\":\"https:\/\/vokore.aweos.dev\/?s={search_term_string}\"},\"query-input\":{\"@type\":\"PropertyValueSpecification\",\"valueRequired\":true,\"valueName\":\"search_term_string\"}}],\"inLanguage\":\"en-GB\"}]}<\/script>\n<!-- \/ Yoast SEO plugin. -->","yoast_head_json":{"title":"Gegenmesser, Kreismesser & Zwischenringe | Vokore","description":"Gegenmesser, Kreismesser und Zwischenringe f\u00fcr Wellpappenanlagen \u2013 pr\u00e4zise gefertigt, langlebig und Qualit\u00e4t Made in Germany.","robots":{"index":"index","follow":"follow","max-snippet":"max-snippet:-1","max-image-preview":"max-image-preview:large","max-video-preview":"max-video-preview:-1"},"canonical":"https:\/\/vokore.de\/en\/gegenmesser-kreismesser-zwischenringe\/","og_locale":"en_GB","og_type":"article","og_title":"Gegenmesser, Kreismesser & Zwischenringe | Vokore","og_description":"Gegenmesser, Kreismesser und Zwischenringe f\u00fcr Wellpappenanlagen \u2013 pr\u00e4zise gefertigt, langlebig und Qualit\u00e4t Made in Germany.","og_url":"https:\/\/vokore.de\/en\/gegenmesser-kreismesser-zwischenringe\/","og_site_name":"vokore","article_modified_time":"2025-12-17T09:26:49+00:00","twitter_card":"summary_large_image","twitter_misc":{"Estimated reading time":"3 minutes"},"schema":{"@context":"https:\/\/schema.org","@graph":[{"@type":"WebPage","@id":"https:\/\/vokore.de\/gegenmesser-kreismesser-zwischenringe\/","url":"https:\/\/vokore.de\/gegenmesser-kreismesser-zwischenringe\/","name":"Gegenmesser, Kreismesser & Zwischenringe | Vokore","isPartOf":{"@id":"https:\/\/vokore.aweos.dev\/#website"},"datePublished":"2025-09-03T08:35:57+00:00","dateModified":"2025-12-17T09:26:49+00:00","description":"Gegenmesser, Kreismesser und Zwischenringe f\u00fcr Wellpappenanlagen \u2013 pr\u00e4zise gefertigt, langlebig und Qualit\u00e4t Made in Germany.","breadcrumb":{"@id":"https:\/\/vokore.de\/gegenmesser-kreismesser-zwischenringe\/#breadcrumb"},"inLanguage":"en-GB","potentialAction":[{"@type":"ReadAction","target":["https:\/\/vokore.de\/gegenmesser-kreismesser-zwischenringe\/"]}]},{"@type":"BreadcrumbList","@id":"https:\/\/vokore.de\/gegenmesser-kreismesser-zwischenringe\/#breadcrumb","itemListElement":[{"@type":"ListItem","position":1,"name":"Start","item":"https:\/\/vokore.de\/"},{"@type":"ListItem","position":2,"name":"Gegenmesser, Kreismesser &#038; Zwischenringe"}]},{"@type":"WebSite","@id":"https:\/\/vokore.aweos.dev\/#website","url":"https:\/\/vokore.aweos.dev\/","name":"vokore","description":"","potentialAction":[{"@type":"SearchAction","target":{"@type":"EntryPoint","urlTemplate":"https:\/\/vokore.aweos.dev\/?s={search_term_string}"},"query-input":{"@type":"PropertyValueSpecification","valueRequired":true,"valueName":"search_term_string"}}],"inLanguage":"en-GB"}]}},"_links":{"self":[{"href":"https:\/\/vokore.de\/en\/wp-json\/wp\/v2\/pages\/474","targetHints":{"allow":["GET"]}}],"collection":[{"href":"https:\/\/vokore.de\/en\/wp-json\/wp\/v2\/pages"}],"about":[{"href":"https:\/\/vokore.de\/en\/wp-json\/wp\/v2\/types\/page"}],"author":[{"embeddable":true,"href":"https:\/\/vokore.de\/en\/wp-json\/wp\/v2\/users\/1"}],"replies":[{"embeddable":true,"href":"https:\/\/vokore.de\/en\/wp-json\/wp\/v2\/comments?post=474"}],"version-history":[{"count":20,"href":"https:\/\/vokore.de\/en\/wp-json\/wp\/v2\/pages\/474\/revisions"}],"predecessor-version":[{"id":1392,"href":"https:\/\/vokore.de\/en\/wp-json\/wp\/v2\/pages\/474\/revisions\/1392"}],"wp:attachment":[{"href":"https:\/\/vokore.de\/en\/wp-json\/wp\/v2\/media?parent=474"}],"curies":[{"name":"wp","href":"https:\/\/api.w.org\/{rel}","templated":true}]}}