{"id":592,"date":"2025-09-23T10:37:37","date_gmt":"2025-09-23T10:37:37","guid":{"rendered":"https:\/\/vokore.de\/?page_id=592"},"modified":"2025-12-17T09:25:47","modified_gmt":"2025-12-17T09:25:47","slug":"knipsmesser-randknipsgegenmesser","status":"publish","type":"page","link":"https:\/\/vokore.de\/en\/knipsmesser-randknipsgegenmesser\/","title":{"rendered":"Anvil Rings \/ Tab Knives"},"content":{"rendered":"<p>[et_pb_section fb_built=&#8220;1&#8243; _builder_version=&#8220;4.27.4&#8243; use_background_color_gradient=&#8220;on&#8220; background_color_gradient_direction=&#8220;90deg&#8220; background_color_gradient_stops=&#8220;rgba(0,0,0,0.6) 0%|rgba(0,0,0,0.6) 100%&#8220; background_color_gradient_overlays_image=&#8220;on&#8220; background_color_gradient_start=&#8220;rgba(0,0,0,0.6)&#8220; background_color_gradient_end=&#8220;rgba(0,0,0,0.6)&#8220; background_image=&#8220;https:\/\/vokore.de\/wp-content\/uploads\/2025\/12\/2025_10_Vokore_0010046.jpg&#8220; custom_padding=&#8220;0px||0px||true|false&#8220; global_colors_info=&#8220;{}&#8220;][et_pb_row _builder_version=&#8220;4.16&#8243; custom_padding=&#8220;75px||75px||true|false&#8220; animation_style=&#8220;slide&#8220; animation_direction=&#8220;bottom&#8220; animation_duration=&#8220;2000ms&#8220; animation_intensity_slide=&#8220;8%&#8220; global_colors_info=&#8220;{}&#8220;][et_pb_column type=&#8220;4_4&#8243; _builder_version=&#8220;4.16&#8243; animation_direction=&#8220;left&#8220; global_colors_info=&#8220;{}&#8220;][et_pb_text _builder_version=&#8220;4.27.5&#8243; text_font=&#8220;|700||on|||||&#8220; text_text_color=&#8220;#FFFFFF&#8220; text_font_size=&#8220;12px&#8220; text_letter_spacing=&#8220;4px&#8220; background_enable_color=&#8220;off&#8220; background_layout=&#8220;dark&#8220; custom_margin=&#8220;|auto|0px|auto|false|false&#8220; custom_padding=&#8220;3px|15px|0px|15px|false|true&#8220; custom_css_main_element=&#8220;width: fit-content;&#8220; global_colors_info=&#8220;{}&#8220;]<\/p>\n<p><strong><span style=\"color: #ff0000;\">Products<\/span><\/strong><\/p>\n<p>[\/et_pb_text][et_pb_text _builder_version=&#8220;4.27.5&#8243; header_font=&#8220;|700|||||||&#8220; header_text_align=&#8220;center&#8220; header_text_color=&#8220;#FFFFFF&#8220; header_font_size=&#8220;60px&#8220; header_font_size_tablet=&#8220;&#8220; header_font_size_phone=&#8220;48px&#8220; header_font_size_last_edited=&#8220;on|phone&#8220; global_colors_info=&#8220;{}&#8220;]<\/p>\n<h1 style=\"text-align: center;\"><strong><span style=\"color: #ffffff;\">Tab Knives &amp; Anvil Rings<\/span><\/strong><\/h1>\n<p>[\/et_pb_text][et_pb_button button_url=&#8220;tel:+49219178225550&#8243; button_text=&#8220;Jetzt anfragen&#8220; button_alignment=&#8220;center&#8220; admin_label=&#8220;Button&#8220; _builder_version=&#8220;4.27.4&#8243; custom_button=&#8220;on&#8220; button_text_size=&#8220;15px&#8220; button_text_color=&#8220;#FFFFFF&#8220; button_bg_color=&#8220;#d62828&#8243; button_border_width=&#8220;0px&#8220; button_border_radius=&#8220;50px&#8220; button_font=&#8220;|||on|||||&#8220; button_use_icon=&#8220;off&#8220; custom_padding=&#8220;6px|20px|6px|20px|true|true&#8220; box_shadow_style=&#8220;preset1&#8243; global_colors_info=&#8220;{}&#8220; button_text_color__hover_enabled=&#8220;off|desktop&#8220; button_bg_color__hover_enabled=&#8220;on|hover&#8220; button_bg_color__hover=&#8220;#23232d&#8220; button_bg_enable_color__hover=&#8220;on&#8220;][\/et_pb_button][\/et_pb_column][\/et_pb_row][\/et_pb_section][et_pb_section fb_built=&#8220;1&#8243; custom_padding_last_edited=&#8220;on|phone&#8220; _builder_version=&#8220;4.27.5&#8243; custom_padding=&#8220;||||false|false&#8220; custom_padding_tablet=&#8220;||0px||false|false&#8220; custom_padding_phone=&#8220;||0px||false|false&#8220; hover_enabled=&#8220;0&#8243; global_colors_info=&#8220;{}&#8220; sticky_enabled=&#8220;0&#8243;][et_pb_row column_structure=&#8220;1_2,1_2&#8243; make_equal=&#8220;on&#8220; _builder_version=&#8220;4.27.5&#8243; hover_enabled=&#8220;0&#8243; global_colors_info=&#8220;{}&#8220; sticky_enabled=&#8220;0&#8243; custom_padding_last_edited=&#8220;on|phone&#8220; custom_padding_tablet=&#8220;0px||||false|false&#8220; custom_padding_phone=&#8220;0px||||false|false&#8220;][et_pb_column type=&#8220;1_2&#8243; _builder_version=&#8220;4.27.5&#8243; custom_padding=&#8220;28px||||false|false&#8220; hover_enabled=&#8220;0&#8243; global_colors_info=&#8220;{}&#8220; custom_padding_last_edited=&#8220;on|phone&#8220; sticky_enabled=&#8220;0&#8243; custom_padding_tablet=&#8220;0px||||false|false&#8220; custom_padding_phone=&#8220;0px||||false|false&#8220;][et_pb_text _builder_version=&#8220;4.27.5&#8243; custom_margin=&#8220;||20px||false|false&#8220; hover_enabled=&#8220;0&#8243; global_colors_info=&#8220;{}&#8220; sticky_enabled=&#8220;0&#8243;]<\/p>\n<h2 data-start=\"583\" data-end=\"672\"><strong data-start=\"79\" data-end=\"114\">Anvil Rings <\/strong>\u00a0and <strong data-start=\"119\" data-end=\"157\">Tab Knives<\/strong><\/h2>\n<p data-start=\"583\" data-end=\"672\">VOKORE <strong data-start=\"79\" data-end=\"114\">Anvil Rings <\/strong>\u00a0and <strong data-start=\"119\" data-end=\"157\">Tab Knives <\/strong>are well-known in the corrugated cardboard and packaging industry for their clean, sharp cuts. The tab knives enable exact overlap cuts and ensure steady cutting quality even at high production speeds, while the anvil rings act as a precise counterpart, supporting controlled cutting and protecting both the knife and the machine. Thanks to premium materials, sophisticated manufacturing and high wear resistance, both products offer a long service life and reliable performance. They are available in various designs and can be customized to suit the machine type and application.<\/p>\n<p data-start=\"583\" data-end=\"672\">Thanks to premium materials and top-notch manufacturing, our tab knives and anvil rings stand out for:<\/p>\n<ul data-start=\"673\" data-end=\"788\">\n<li data-start=\"673\" data-end=\"693\">\n<p data-start=\"675\" data-end=\"693\">Durability<\/p>\n<\/li>\n<li data-start=\"694\" data-end=\"718\">\n<p data-start=\"696\" data-end=\"718\">Clean and sharp cutting edges<\/p>\n<\/li>\n<li data-start=\"719\" data-end=\"788\">\n<p data-start=\"721\" data-end=\"788\">Reliable performance even at high production speeds<\/p>\n<\/li>\n<\/ul>\n<p data-start=\"790\" data-end=\"917\">The knives are available in various designs and can be individually tailored to machine type and application.<\/p>\n<p>[\/et_pb_text][\/et_pb_column][et_pb_column type=&#8220;1_2&#8243; _builder_version=&#8220;4.27.5&#8243; background_enable_image=&#8220;off&#8220; hover_enabled=&#8220;0&#8243; global_colors_info=&#8220;{}&#8220; sticky_enabled=&#8220;0&#8243;][dsm_image_carousel gallery_ids=&#8220;981,1021,982,983,984&#8243; sizes=&#8220;et-pb-image&#8211;responsive&#8211;desktop&#8220; image_fit=&#8220;contain&#8220; lazyload=&#8220;on&#8220; slider_type=&#8220;slideshow&#8220; slideshow_to_show=&#8220;3&#8243; slideshow_height_tablet=&#8220;&#8220; slideshow_height_phone=&#8220;250px&#8220; slideshow_height_last_edited=&#8220;on|phone&#8220; _builder_version=&#8220;4.27.5&#8243; _module_preset=&#8220;default&#8220; custom_margin=&#8220;||||false|false&#8220; custom_margin_tablet=&#8220;||||false|false&#8220; custom_margin_phone=&#8220;-20px||||false|false&#8220; custom_margin_last_edited=&#8220;on|phone&#8220; custom_padding=&#8220;||||false|false&#8220; custom_padding_tablet=&#8220;4px|||||&#8220; custom_padding_phone=&#8220;0px||||false|false&#8220; custom_padding_last_edited=&#8220;on|phone&#8220; hover_enabled=&#8220;0&#8243; global_colors_info=&#8220;{}&#8220; sticky_enabled=&#8220;0&#8243; slideshow_height=&#8220;420px&#8220;][\/dsm_image_carousel][\/et_pb_column][\/et_pb_row][\/et_pb_section][et_pb_section fb_built=&#8220;1&#8243; admin_label=&#8220;Info-Box&#8220; _builder_version=&#8220;4.27.4&#8243; background_enable_color=&#8220;off&#8220; saved_tabs=&#8220;all&#8220; global_colors_info=&#8220;{}&#8220;][et_pb_row _builder_version=&#8220;4.16&#8243; global_colors_info=&#8220;{}&#8220;][et_pb_column type=&#8220;4_4&#8243; _builder_version=&#8220;4.16&#8243; global_colors_info=&#8220;{}&#8220;][et_pb_text module_class=&#8220;highlight-label-center-white&#8220; _builder_version=&#8220;4.27.4&#8243; text_font=&#8220;|700||on|||||&#8220; text_text_color=&#8220;#FFFFFF&#8220; text_font_size=&#8220;13px&#8220; text_letter_spacing=&#8220;4px&#8220; background_color=&#8220;#d62828&#8243; custom_margin=&#8220;|auto|10px|auto|false|false&#8220; custom_padding=&#8220;2px|10px|2px|10px|false|true&#8220; custom_css_main_element=&#8220;width: fit-content;&#8220; global_colors_info=&#8220;{}&#8220;]<span>IMPORTANT INFORMATION<\/span>[\/et_pb_text][et_pb_text _builder_version=&#8220;4.27.4&#8243; header_2_text_align=&#8220;center&#8220; header_2_text_color=&#8220;#0a0a0a&#8220; header_2_font_size=&#8220;48px&#8220; global_colors_info=&#8220;{}&#8220;]<\/p>\n<h2>Enquiries can also be submitted using the OEM numbers provided by the machine manufacturers.<\/h2>\n<p>[\/et_pb_text][et_pb_button button_url=&#8220;tel:+49219178225550&#8243; button_text=&#8220;JETZT ANFRAGEN&#8220; button_alignment=&#8220;center&#8220; _builder_version=&#8220;4.27.4&#8243; custom_button=&#8220;on&#8220; button_text_size=&#8220;15px&#8220; button_text_color=&#8220;#FFFFFF&#8220; button_bg_color=&#8220;#d62828&#8243; button_border_width=&#8220;0px&#8220; button_border_radius=&#8220;50px&#8220; button_font=&#8220;|||on|||||&#8220; button_use_icon=&#8220;off&#8220; custom_padding=&#8220;6px|20px|6px|20px|true|true&#8220; box_shadow_style=&#8220;preset1&#8243; global_colors_info=&#8220;{}&#8220; button_text_color__hover_enabled=&#8220;on|hover&#8220; button_bg_color__hover_enabled=&#8220;on|hover&#8220; button_bg_color__hover=&#8220;#FFFFFF&#8220; button_bg_enable_color__hover=&#8220;on&#8220; button_text_color__hover=&#8220;#000000&#8243;][\/et_pb_button][\/et_pb_column][\/et_pb_row][\/et_pb_section]<\/p>","protected":false},"excerpt":{"rendered":"<p>ProdukteKnipsmesser &amp; RandknipsgegenmesserKnipsmesser \u00a0und Randknipsgegenmesser Unsere Knipsmesser \u00a0und Randknipsgegenmesser werden in der Wellpappen- und Verpackungsindustrie f\u00fcr pr\u00e4zise und saubere Schnitte eingesetzt. Die Knipsmesser erm\u00f6glichen exakte \u00dcberlappungsschnitte und sorgen auch bei hohen Produktionsgeschwindigkeiten f\u00fcr eine gleichbleibend hohe Schnittqualit\u00e4t, w\u00e4hrend die Randknipsgegenmesser als pr\u00e4zises Gegenst\u00fcck einen kontrollierten Schnitt unterst\u00fctzen und gleichzeitig Messer sowie Maschine sch\u00fctzen. Durch hochwertige Materialien, pr\u00e4zise Fertigung und hohe Verschlei\u00dffestigkeit bieten beide Produkte lange Standzeiten, zuverl\u00e4ssige Leistung und k\u00f6nnen in verschiedenen Ausf\u00fchrungen sowie individuell angepasst an Maschinentyp und Anwendung geliefert werden. Dank hochwertiger Materialien und pr\u00e4ziser Fertigung \u00fcberzeugen unsere Knipsmesser durch: hohe Standzeiten exakte Schnittkanten zuverl\u00e4ssige Leistung auch bei hohen Produktionsgeschwindigkeiten Die Messer sind in verschiedenen Ausf\u00fchrungen erh\u00e4ltlich und k\u00f6nnen individuell an Maschinentyp und Anwendung angepasst werden.<div class=\"et_pb_module dsm_image_carousel dsm_image_carousel_0 dsm_image_carousel_arrow_outside dsm_image_carousel_arrow_mobile_inside\">\n\t\t\t\t\n\t\t\t\t\n\t\t\t\t\n\t\t\t\t\n\t\t\t\t\n\t\t\t\t\n\t\t\t\t<div class=\"et_pb_module_inner\">\n\t\t\t\t\t<div class=\"swiper-container dsm_image_carousel_container  dsm_image_carousel_slideshow\" dir=\"ltr\"data-effect=\"default\"\n\t\t\tdata-slider-effect-shadows=\"false\"\n\t\t\tdata-slider-effect-coverflow-rotate=\"30\"\n\t\t\tdata-slider-effect-coverflow-depth=\"0\"\n\t\t\tdata-loop=\"true\"\n\t\t\tdata-slide-to-show=\"4\"\n\t\t\tdata-slide-to-show-tablet=\"1\"\n\t\t\tdata-slide-to-show-phone=\"1\"\n\t\t\tdata-slide-to-scroll=\"1\"\n\t\t\tdata-slide-to-scroll-tablet=\"1\"\n\t\t\tdata-slide-to-scroll-phone=\"1\"\n\t\t\tdata-space-between=\"15\"\n\t\t\tdata-space-between-tablet=\"15\"\n\t\t\tdata-space-between-phone=\"15\"\n\t\t\tdata-slide-row=\"1\"\n\t\t\tdata-centered-slides=\"false\"\n\t\t\tdata-speed=\"300\"\n\t\t\tdata-autoplay=\"true\"\n\t\t\tdata-autoplay-speed=\"3000\"\n\t\t\tdata-touch-move=\"true\"\n\t\t\tdata-grab=\"true\"\n\t\t\tdata-pause-on-hover=\"false\"\n\t\t\tdata-show-lightbox=\"false\"\n\t\t\tdata-lightbox-gallery=\"false\"\n\t\t\tdata-lightbox-caption=\"false\"\n\t\t\tdata-infinite-scrolling=\"false\"\n\t\t\tdata-slide-row-tablet=\"1\"\n\t\t\tdata-slide-row-phone=\"1\"\n\t\t\tdata-autoplay-viewport=\"80%\t\t\tdata-mousewheel=\"false\"\t\t\tdata-lazyload=\"true\"\t\t\tdata-type=\"slideshow\"\t\t\tdata-slideshow-effect=\"default\"\t\t\tdata-slideshow-to-show=\"3\"\t\t\tdata-slideshow-to-show-tablet=\"3\"\t\t\tdata-slideshow-to-show-phone=\"\"\t\t\tdata-slider-orientation=\"horizontal\"\t\t\t\t\t\tdata-lightbox-title=\"false\"\t\t\t\"><div class=\"swiper-wrapper\"><div class=\"swiper-slide dsm_image_carousel_item\"><div class=\"swiper-slide dsm_image_carousel_item\"><div class=\"dsm_image_carousel_slideshow_bg\" role=\"img\" style=\"background-image: url(https:\/\/vokore.de\/wp-content\/uploads\/2025\/12\/2025_10_Vokore_012_00091-1280x852.jpg)\" title=\"2025_10_Vokore_012_00091\" data-dsm-image-description=\"\"><\/div><\/div><\/div><div class=\"swiper-slide dsm_image_carousel_item\"><div class=\"swiper-slide dsm_image_carousel_item\"><div class=\"dsm_image_carousel_slideshow_bg\" role=\"img\" style=\"background-image: url(https:\/\/vokore.de\/wp-content\/uploads\/2025\/12\/2025_10_Vokore_014_00093-1280x852.jpg)\" title=\"Stacked from 100 images. Method=C (S=3)\" data-dsm-image-description=\"Stacked from 100 images. Method=C (S=3)\"><\/div><\/div><\/div><div class=\"swiper-slide dsm_image_carousel_item\"><div class=\"swiper-slide dsm_image_carousel_item\"><div class=\"dsm_image_carousel_slideshow_bg\" role=\"img\" style=\"background-image: url(https:\/\/vokore.de\/wp-content\/uploads\/2025\/12\/2025_10_Vokore_012_130082-1280x852.jpg)\" title=\"Stacked from 5 images. Method=C (S=3)\" data-dsm-image-description=\"Stacked from 5 images. Method=C (S=3)\"><\/div><\/div><\/div><div class=\"swiper-slide dsm_image_carousel_item\"><div class=\"swiper-slide dsm_image_carousel_item\"><div class=\"dsm_image_carousel_slideshow_bg\" role=\"img\" style=\"background-image: url(https:\/\/vokore.de\/wp-content\/uploads\/2025\/12\/2025_10_Vokore_012_110080-1280x852.jpg)\" title=\"Stacked from 4 images. Method=C (S=3)\" data-dsm-image-description=\"Stacked from 4 images. Method=C (S=3)\"><\/div><\/div><\/div><div class=\"swiper-slide dsm_image_carousel_item\"><div class=\"swiper-slide dsm_image_carousel_item\"><div class=\"dsm_image_carousel_slideshow_bg\" role=\"img\" style=\"background-image: url(https:\/\/vokore.de\/wp-content\/uploads\/2025\/12\/2025_10_Vokore_012_70076-1280x852.jpg)\" title=\"Stacked from 6 images. Method=C (S=3)\" data-dsm-image-description=\"Stacked from 6 images. Method=C (S=3)\"><\/div><\/div><\/div><\/div><\/div><div class=\"swiper-button-prev swiper-arrow-button\" data-icon=\"4\"><\/div><div class=\"swiper-button-next swiper-arrow-button\" data-icon=\"5\"><\/div><div thumbsslider class=\"swiper dsm_image_gallery_thumbs\" dir=\"ltr\">\n\t\t\t\t\t<div class=\"swiper-wrapper\"><div class=\"swiper-slide\"><div class=\"dsm_image_carousel_thumbs_image swiper-lazy\" role=\"img\" aria-label=\"Zubeh\u00f6r-Set f\u00fcr L\u00e4ngs- und Querschneidemesser\" style=\"background-image: url(https:\/\/vokore.de\/wp-content\/uploads\/2025\/12\/2025_10_Vokore_012_00091-1024x681.jpg)\"><\/div><\/div><div class=\"swiper-slide\"><div class=\"dsm_image_carousel_thumbs_image swiper-lazy\" role=\"img\" aria-label=\"Industriemesser f\u00fcr Querschneideanlagen der Wellpappenproduktion\" style=\"background-image: url(https:\/\/vokore.de\/wp-content\/uploads\/2025\/12\/2025_10_Vokore_014_00093-1024x681.jpg)\"><\/div><\/div><div class=\"swiper-slide\"><div class=\"dsm_image_carousel_thumbs_image swiper-lazy\" role=\"img\" aria-label=\"Ersatzmesser f\u00fcr Querschneidemaschinen der Wellpappen-Industrie\" style=\"background-image: url(https:\/\/vokore.de\/wp-content\/uploads\/2025\/12\/2025_10_Vokore_012_130082-1024x681.jpg)\"><\/div><\/div><div class=\"swiper-slide\"><div class=\"dsm_image_carousel_thumbs_image swiper-lazy\" role=\"img\" aria-label=\"Schneideinsatz f\u00fcr industrielle Wellpappenanlagen\" style=\"background-image: url(https:\/\/vokore.de\/wp-content\/uploads\/2025\/12\/2025_10_Vokore_012_110080-1024x681.jpg)\"><\/div><\/div><div class=\"swiper-slide\"><div class=\"dsm_image_carousel_thumbs_image swiper-lazy\" role=\"img\" aria-label=\"Schneideinsatz f\u00fcr industrielle Wellpappenanlagen\" style=\"background-image: url(https:\/\/vokore.de\/wp-content\/uploads\/2025\/12\/2025_10_Vokore_012_70076-1024x681.jpg)\"><\/div><\/div><\/div><\/div>\n\t\t\t\t<\/div>\n\t\t\t<\/div>WICHTIGE INFOAnfragen sind auch mit den Original-Ersatzteilnummern der Maschinenhersteller m\u00f6glich.<\/p>","protected":false},"author":1,"featured_media":0,"parent":0,"menu_order":0,"comment_status":"closed","ping_status":"closed","template":"","meta":{"_et_pb_use_builder":"on","_et_pb_old_content":"","_et_gb_content_width":"","footnotes":""},"class_list":["post-592","page","type-page","status-publish","hentry"],"yoast_head":"<!-- This site is optimized with the Yoast SEO plugin v26.7 - https:\/\/yoast.com\/wordpress\/plugins\/seo\/ -->\n<title>Knipsmesser &amp; Randknipsgegenmesser | Vokore<\/title>\n<meta name=\"description\" content=\"Robuste Knipsmesser und Randknipsgegenmesser f\u00fcr Wellpappenanlagen \u2013 pr\u00e4zise Geometrien, saubere Ausstanzungen, lange Standzeit.\" \/>\n<meta name=\"robots\" content=\"index, follow, max-snippet:-1, max-image-preview:large, max-video-preview:-1\" \/>\n<link rel=\"canonical\" href=\"https:\/\/vokore.de\/en\/knipsmesser-randknipsgegenmesser\/\" \/>\n<meta property=\"og:locale\" content=\"en_GB\" \/>\n<meta property=\"og:type\" content=\"article\" \/>\n<meta property=\"og:title\" content=\"Knipsmesser &amp; Randknipsgegenmesser | Vokore\" \/>\n<meta property=\"og:description\" content=\"Robuste Knipsmesser und Randknipsgegenmesser f\u00fcr Wellpappenanlagen \u2013 pr\u00e4zise Geometrien, saubere Ausstanzungen, lange Standzeit.\" \/>\n<meta property=\"og:url\" content=\"https:\/\/vokore.de\/en\/knipsmesser-randknipsgegenmesser\/\" \/>\n<meta property=\"og:site_name\" content=\"vokore\" \/>\n<meta property=\"article:modified_time\" content=\"2025-12-17T09:25:47+00:00\" \/>\n<meta name=\"twitter:card\" content=\"summary_large_image\" \/>\n<meta name=\"twitter:label1\" content=\"Estimated reading time\" \/>\n\t<meta name=\"twitter:data1\" content=\"1 minute\" \/>\n<script type=\"application\/ld+json\" class=\"yoast-schema-graph\">{\"@context\":\"https:\/\/schema.org\",\"@graph\":[{\"@type\":\"WebPage\",\"@id\":\"https:\/\/vokore.de\/knipsmesser-randknipsgegenmesser\/\",\"url\":\"https:\/\/vokore.de\/knipsmesser-randknipsgegenmesser\/\",\"name\":\"Knipsmesser & Randknipsgegenmesser | Vokore\",\"isPartOf\":{\"@id\":\"https:\/\/vokore.aweos.dev\/#website\"},\"datePublished\":\"2025-09-23T10:37:37+00:00\",\"dateModified\":\"2025-12-17T09:25:47+00:00\",\"description\":\"Robuste Knipsmesser und Randknipsgegenmesser f\u00fcr Wellpappenanlagen \u2013 pr\u00e4zise Geometrien, saubere Ausstanzungen, lange Standzeit.\",\"breadcrumb\":{\"@id\":\"https:\/\/vokore.de\/knipsmesser-randknipsgegenmesser\/#breadcrumb\"},\"inLanguage\":\"en-GB\",\"potentialAction\":[{\"@type\":\"ReadAction\",\"target\":[\"https:\/\/vokore.de\/knipsmesser-randknipsgegenmesser\/\"]}]},{\"@type\":\"BreadcrumbList\",\"@id\":\"https:\/\/vokore.de\/knipsmesser-randknipsgegenmesser\/#breadcrumb\",\"itemListElement\":[{\"@type\":\"ListItem\",\"position\":1,\"name\":\"Start\",\"item\":\"https:\/\/vokore.de\/\"},{\"@type\":\"ListItem\",\"position\":2,\"name\":\"Knipsmesser &#038; Randknipsgegenmesser\"}]},{\"@type\":\"WebSite\",\"@id\":\"https:\/\/vokore.aweos.dev\/#website\",\"url\":\"https:\/\/vokore.aweos.dev\/\",\"name\":\"vokore\",\"description\":\"\",\"potentialAction\":[{\"@type\":\"SearchAction\",\"target\":{\"@type\":\"EntryPoint\",\"urlTemplate\":\"https:\/\/vokore.aweos.dev\/?s={search_term_string}\"},\"query-input\":{\"@type\":\"PropertyValueSpecification\",\"valueRequired\":true,\"valueName\":\"search_term_string\"}}],\"inLanguage\":\"en-GB\"}]}<\/script>\n<!-- \/ Yoast SEO plugin. -->","yoast_head_json":{"title":"Knipsmesser & Randknipsgegenmesser | Vokore","description":"Robuste Knipsmesser und Randknipsgegenmesser f\u00fcr Wellpappenanlagen \u2013 pr\u00e4zise Geometrien, saubere Ausstanzungen, lange Standzeit.","robots":{"index":"index","follow":"follow","max-snippet":"max-snippet:-1","max-image-preview":"max-image-preview:large","max-video-preview":"max-video-preview:-1"},"canonical":"https:\/\/vokore.de\/en\/knipsmesser-randknipsgegenmesser\/","og_locale":"en_GB","og_type":"article","og_title":"Knipsmesser & Randknipsgegenmesser | Vokore","og_description":"Robuste Knipsmesser und Randknipsgegenmesser f\u00fcr Wellpappenanlagen \u2013 pr\u00e4zise Geometrien, saubere Ausstanzungen, lange Standzeit.","og_url":"https:\/\/vokore.de\/en\/knipsmesser-randknipsgegenmesser\/","og_site_name":"vokore","article_modified_time":"2025-12-17T09:25:47+00:00","twitter_card":"summary_large_image","twitter_misc":{"Estimated reading time":"1 minute"},"schema":{"@context":"https:\/\/schema.org","@graph":[{"@type":"WebPage","@id":"https:\/\/vokore.de\/knipsmesser-randknipsgegenmesser\/","url":"https:\/\/vokore.de\/knipsmesser-randknipsgegenmesser\/","name":"Knipsmesser & Randknipsgegenmesser | Vokore","isPartOf":{"@id":"https:\/\/vokore.aweos.dev\/#website"},"datePublished":"2025-09-23T10:37:37+00:00","dateModified":"2025-12-17T09:25:47+00:00","description":"Robuste Knipsmesser und Randknipsgegenmesser f\u00fcr Wellpappenanlagen \u2013 pr\u00e4zise Geometrien, saubere Ausstanzungen, lange Standzeit.","breadcrumb":{"@id":"https:\/\/vokore.de\/knipsmesser-randknipsgegenmesser\/#breadcrumb"},"inLanguage":"en-GB","potentialAction":[{"@type":"ReadAction","target":["https:\/\/vokore.de\/knipsmesser-randknipsgegenmesser\/"]}]},{"@type":"BreadcrumbList","@id":"https:\/\/vokore.de\/knipsmesser-randknipsgegenmesser\/#breadcrumb","itemListElement":[{"@type":"ListItem","position":1,"name":"Start","item":"https:\/\/vokore.de\/"},{"@type":"ListItem","position":2,"name":"Knipsmesser &#038; Randknipsgegenmesser"}]},{"@type":"WebSite","@id":"https:\/\/vokore.aweos.dev\/#website","url":"https:\/\/vokore.aweos.dev\/","name":"vokore","description":"","potentialAction":[{"@type":"SearchAction","target":{"@type":"EntryPoint","urlTemplate":"https:\/\/vokore.aweos.dev\/?s={search_term_string}"},"query-input":{"@type":"PropertyValueSpecification","valueRequired":true,"valueName":"search_term_string"}}],"inLanguage":"en-GB"}]}},"_links":{"self":[{"href":"https:\/\/vokore.de\/en\/wp-json\/wp\/v2\/pages\/592","targetHints":{"allow":["GET"]}}],"collection":[{"href":"https:\/\/vokore.de\/en\/wp-json\/wp\/v2\/pages"}],"about":[{"href":"https:\/\/vokore.de\/en\/wp-json\/wp\/v2\/types\/page"}],"author":[{"embeddable":true,"href":"https:\/\/vokore.de\/en\/wp-json\/wp\/v2\/users\/1"}],"replies":[{"embeddable":true,"href":"https:\/\/vokore.de\/en\/wp-json\/wp\/v2\/comments?post=592"}],"version-history":[{"count":16,"href":"https:\/\/vokore.de\/en\/wp-json\/wp\/v2\/pages\/592\/revisions"}],"predecessor-version":[{"id":1391,"href":"https:\/\/vokore.de\/en\/wp-json\/wp\/v2\/pages\/592\/revisions\/1391"}],"wp:attachment":[{"href":"https:\/\/vokore.de\/en\/wp-json\/wp\/v2\/media?parent=592"}],"curies":[{"name":"wp","href":"https:\/\/api.w.org\/{rel}","templated":true}]}}