{"id":597,"date":"2025-09-23T10:39:53","date_gmt":"2025-09-23T10:39:53","guid":{"rendered":"https:\/\/vokore.de\/?page_id=597"},"modified":"2025-12-17T09:31:48","modified_gmt":"2025-12-17T09:31:48","slug":"gegenstanzbelaege","status":"publish","type":"page","link":"https:\/\/vokore.de\/en\/gegenstanzbelaege\/","title":{"rendered":"PU Anvil Covers"},"content":{"rendered":"<p>[et_pb_section fb_built=&#8220;1&#8243; _builder_version=&#8220;4.27.4&#8243; use_background_color_gradient=&#8220;on&#8220; background_color_gradient_direction=&#8220;90deg&#8220; background_color_gradient_stops=&#8220;rgba(0,0,0,0.6) 0%|rgba(0,0,0,0.6) 100%&#8220; background_color_gradient_overlays_image=&#8220;on&#8220; background_color_gradient_start=&#8220;rgba(0,0,0,0.6)&#8220; background_color_gradient_end=&#8220;rgba(0,0,0,0.6)&#8220; background_image=&#8220;https:\/\/vokore.de\/wp-content\/uploads\/2025\/12\/Anvil.jpg&#8220; background_position=&#8220;bottom_center&#8220; background_vertical_offset=&#8220;8%&#8220; custom_padding=&#8220;0px||0px||true|false&#8220; global_colors_info=&#8220;{}&#8220;][et_pb_row _builder_version=&#8220;4.16&#8243; custom_padding=&#8220;75px||75px||true|false&#8220; animation_style=&#8220;slide&#8220; animation_direction=&#8220;bottom&#8220; animation_duration=&#8220;2000ms&#8220; animation_intensity_slide=&#8220;8%&#8220; global_colors_info=&#8220;{}&#8220;][et_pb_column type=&#8220;4_4&#8243; _builder_version=&#8220;4.16&#8243; animation_direction=&#8220;left&#8220; global_colors_info=&#8220;{}&#8220;][et_pb_text _builder_version=&#8220;4.27.5&#8243; text_font=&#8220;|700||on|||||&#8220; text_text_color=&#8220;#FFFFFF&#8220; text_font_size=&#8220;12px&#8220; text_letter_spacing=&#8220;4px&#8220; background_enable_color=&#8220;off&#8220; background_layout=&#8220;dark&#8220; custom_margin=&#8220;|auto|0px|auto|false|false&#8220; custom_padding=&#8220;3px|15px|0px|15px|false|true&#8220; custom_css_main_element=&#8220;width: fit-content;&#8220; global_colors_info=&#8220;{}&#8220;]<\/p>\n<p><span style=\"color: #ff0000;\"><strong>Products<\/strong><\/span><\/p>\n<p>[\/et_pb_text][et_pb_text _builder_version=&#8220;4.27.5&#8243; header_font=&#8220;|700|||||||&#8220; header_text_align=&#8220;center&#8220; header_text_color=&#8220;#FFFFFF&#8220; header_font_size=&#8220;60px&#8220; header_font_size_tablet=&#8220;&#8220; header_font_size_phone=&#8220;48px&#8220; header_font_size_last_edited=&#8220;on|phone&#8220; global_colors_info=&#8220;{}&#8220;]<\/p>\n<h1 style=\"text-align: center;\"><span style=\"color: #ffffff;\"><strong>PU Anvil Covers<\/strong><\/span><\/h1>\n<p>[\/et_pb_text][et_pb_button button_url=&#8220;tel:+49219178225550&#8243; button_text=&#8220;Jetzt anfragen&#8220; button_alignment=&#8220;center&#8220; admin_label=&#8220;Button&#8220; _builder_version=&#8220;4.27.4&#8243; custom_button=&#8220;on&#8220; button_text_size=&#8220;15px&#8220; button_text_color=&#8220;#FFFFFF&#8220; button_bg_color=&#8220;#d62828&#8243; button_border_width=&#8220;0px&#8220; button_border_radius=&#8220;50px&#8220; button_font=&#8220;|||on|||||&#8220; button_use_icon=&#8220;off&#8220; custom_padding=&#8220;6px|20px|6px|20px|true|true&#8220; box_shadow_style=&#8220;preset1&#8243; global_colors_info=&#8220;{}&#8220; button_text_color__hover_enabled=&#8220;off|desktop&#8220; button_bg_color__hover_enabled=&#8220;on|hover&#8220; button_bg_color__hover=&#8220;#23232d&#8220; button_bg_enable_color__hover=&#8220;on&#8220;][\/et_pb_button][\/et_pb_column][\/et_pb_row][\/et_pb_section][et_pb_section fb_built=&#8220;1&#8243; _builder_version=&#8220;4.27.5&#8243; custom_padding=&#8220;||0px||false|false&#8220; hover_enabled=&#8220;0&#8243; collapsed=&#8220;off&#8220; global_colors_info=&#8220;{}&#8220; custom_padding_last_edited=&#8220;on|phone&#8220; sticky_enabled=&#8220;0&#8243; custom_padding_tablet=&#8220;||0px||false|false&#8220; custom_padding_phone=&#8220;||0px||false|false&#8220;][et_pb_row column_structure=&#8220;1_2,1_2&#8243; _builder_version=&#8220;4.27.5&#8243; hover_enabled=&#8220;0&#8243; global_colors_info=&#8220;{}&#8220; custom_padding_last_edited=&#8220;on|phone&#8220; sticky_enabled=&#8220;0&#8243; custom_padding_phone=&#8220;0px||||false|false&#8220;][et_pb_column type=&#8220;1_2&#8243; _builder_version=&#8220;4.16&#8243; global_colors_info=&#8220;{}&#8220;][et_pb_text module_class=&#8220;highlight-label&#8220; _builder_version=&#8220;4.27.5&#8243; text_font=&#8220;|700||on|||||&#8220; text_text_color=&#8220;#d62828&#8243; text_font_size=&#8220;13px&#8220; text_letter_spacing=&#8220;4px&#8220; background_enable_color=&#8220;off&#8220; transform_translate_linked=&#8220;off&#8220; custom_margin=&#8220;|auto|10px|auto|false|true&#8220; custom_padding=&#8220;2px|10px|0px|10px|false|true&#8220; custom_css_main_element=&#8220;width: fit-content;&#8220; global_colors_info=&#8220;{}&#8220;]<\/p>\n<p style=\"text-align: center;\"><span>ANVIL COVERS \/ ROTARY DIE CUTTER<\/span><\/p>\n<p>[\/et_pb_text][et_pb_text _builder_version=&#8220;4.27.5&#8243; text_text_color=&#8220;#878787&#8243; text_font_size=&#8220;18px&#8220; width_tablet=&#8220;&#8220; width_phone=&#8220;&#8220; width_last_edited=&#8220;on|phone&#8220; custom_margin=&#8220;||||false|false&#8220; global_colors_info=&#8220;{}&#8220;]<\/p>\n<h2 style=\"text-align: left;\"><strong>High-performance anvil covers for maximum operational life<\/strong><\/h2>\n<p>Our premium polyurethane anvil covers are engineered for exceptional durability, delivering outstanding resistance to cuts, tears, and wear. Designed with a lightweight internal fiberglass mesh and an innovative jigsaw-joint (knuckle) locking system, they ensure effortless mounting and smooth rotation. Alternative locking systems are also available to meet diverse technical requirements.<\/p>\n<p style=\"text-align: center;\"><strong>Customizable hardness levels and individual surfaces<\/strong><\/p>\n<p>Depending on your application, we provide a range of hardness options, along with customized surface finishes tailored to your specific needs. With precision manufacturing and flexible design choices, our anvil covers offer a reliable, long-lasting solution for high-performance converting operations.<\/p>\n<p style=\"text-align: center;\"><strong>Comprehensive reference database \u2013 rapidly identify the appropriate solution<\/strong><\/p>\n<p>We maintain an extensive database covering virtually every rotary die cutter anvil cover reference on the market. In most cases, providing the OEM number is all we need to prepare a precise offer\u2014though simple dimensions are often enough to start your inquiry as well.<\/p>\n<p style=\"text-align: center;\"><strong>Tailor-made anvil covers according to your specifications<\/strong><\/p>\n<p>We also manufacture dimensionally customized anvil covers, including tailored thickness and width options, to ensure the perfect fit for your application.If you require technical support, are facing an issue with your rotary die cutter, or are planning a new project, our team is always ready to assist. Don\u2019t hesitate to reach out\u2014we\u2019re here to help you find the ideal solution.<\/p>\n<p>[\/et_pb_text][\/et_pb_column][et_pb_column type=&#8220;1_2&#8243; _builder_version=&#8220;4.16&#8243; global_colors_info=&#8220;{}&#8220;][dsm_image_hotspots src=&#8220;https:\/\/vokore.de\/wp-content\/uploads\/2025\/12\/Anvil.jpg&#8220; title_text=&#8220;Anvil&#8220; tooltip_max_width=&#8220;174px&#8220; _builder_version=&#8220;4.27.4&#8243; _module_preset=&#8220;default&#8220; global_colors_info=&#8220;{}&#8220;][dsm_image_hotspots_child icon_font_size=&#8220;18px&#8220; left_position=&#8220;69%&#8220; top_position=&#8220;66%&#8220; tooltip_background_color=&#8220;#f7f7f7&#8243; pulse_animation=&#8220;on&#8220; pulse_background_color=&#8220;#d62828&#8243; _builder_version=&#8220;4.27.4&#8243; _module_preset=&#8220;default&#8220; text_font_size=&#8220;14px&#8220; background_color=&#8220;#d62828&#8243; background_enable_color=&#8220;on&#8220; border_color_all_tooltip=&#8220;RGBA(255,255,255,0)&#8220; global_colors_info=&#8220;{}&#8220;]<\/p>\n<p>91 Shore H\u00e4rte f\u00fcr lange Standzeiten<\/p>\n<p>[\/dsm_image_hotspots_child][dsm_image_hotspots_child icon_font_size=&#8220;18px&#8220; left_position=&#8220;89%&#8220; top_position=&#8220;46%&#8220; tooltip_background_color=&#8220;#f7f7f7&#8243; pulse_animation=&#8220;on&#8220; pulse_background_color=&#8220;#d62828&#8243; _builder_version=&#8220;4.27.4&#8243; _module_preset=&#8220;default&#8220; background_color=&#8220;#d62828&#8243; background_enable_color=&#8220;on&#8220; global_colors_info=&#8220;{}&#8220;]<\/p>\n<p>angeraute Oberfl\u00e4che<\/p>\n<p>[\/dsm_image_hotspots_child][dsm_image_hotspots_child icon_font_size=&#8220;18px&#8220; left_position=&#8220;11%&#8220; top_position=&#8220;53%&#8220; tooltip_background_color=&#8220;#f7f7f7&#8243; pulse_animation=&#8220;on&#8220; pulse_background_color=&#8220;#d62828&#8243; _builder_version=&#8220;4.27.4&#8243; _module_preset=&#8220;default&#8220; background_color=&#8220;#d62828&#8243; background_enable_color=&#8220;on&#8220; global_colors_info=&#8220;{}&#8220;]<\/p>\n<p>Wellenverschluss<\/p>\n<p>[\/dsm_image_hotspots_child][\/dsm_image_hotspots][\/et_pb_column][\/et_pb_row][\/et_pb_section][et_pb_section fb_built=&#8220;1&#8243; admin_label=&#8220;Info-Box&#8220; _builder_version=&#8220;4.27.4&#8243; background_enable_color=&#8220;off&#8220; saved_tabs=&#8220;all&#8220; global_colors_info=&#8220;{}&#8220;][et_pb_row _builder_version=&#8220;4.16&#8243; global_colors_info=&#8220;{}&#8220;][et_pb_column type=&#8220;4_4&#8243; _builder_version=&#8220;4.16&#8243; global_colors_info=&#8220;{}&#8220;][et_pb_text module_class=&#8220;highlight-label-center-white&#8220; _builder_version=&#8220;4.27.4&#8243; text_font=&#8220;|700||on|||||&#8220; text_text_color=&#8220;#FFFFFF&#8220; text_font_size=&#8220;13px&#8220; text_letter_spacing=&#8220;4px&#8220; background_color=&#8220;#d62828&#8243; custom_margin=&#8220;|auto|10px|auto|false|false&#8220; custom_padding=&#8220;2px|10px|2px|10px|false|true&#8220; custom_css_main_element=&#8220;width: fit-content;&#8220; global_colors_info=&#8220;{}&#8220;]<span>IMPORTANT INFORMATION<\/span>[\/et_pb_text][et_pb_text _builder_version=&#8220;4.27.4&#8243; header_2_text_align=&#8220;center&#8220; header_2_text_color=&#8220;#0a0a0a&#8220; header_2_font_size=&#8220;48px&#8220; global_colors_info=&#8220;{}&#8220;]<\/p>\n<h2>Enquiries can also be submitted using the OEM numbers provided by the machine manufacturers.<\/h2>\n<p>[\/et_pb_text][et_pb_button button_url=&#8220;tel:+49219178225550&#8243; button_text=&#8220;JETZT ANFRAGEN&#8220; button_alignment=&#8220;center&#8220; _builder_version=&#8220;4.27.4&#8243; custom_button=&#8220;on&#8220; button_text_size=&#8220;15px&#8220; button_text_color=&#8220;#FFFFFF&#8220; button_bg_color=&#8220;#d62828&#8243; button_border_width=&#8220;0px&#8220; button_border_radius=&#8220;50px&#8220; button_font=&#8220;|||on|||||&#8220; button_use_icon=&#8220;off&#8220; custom_padding=&#8220;6px|20px|6px|20px|true|true&#8220; box_shadow_style=&#8220;preset1&#8243; global_colors_info=&#8220;{}&#8220; button_text_color__hover_enabled=&#8220;on|hover&#8220; button_bg_color__hover_enabled=&#8220;on|hover&#8220; button_bg_color__hover=&#8220;#FFFFFF&#8220; button_bg_enable_color__hover=&#8220;on&#8220; button_text_color__hover=&#8220;#000000&#8243;][\/et_pb_button][\/et_pb_column][\/et_pb_row][\/et_pb_section]<\/p>","protected":false},"excerpt":{"rendered":"<p>ProdukteGegenstanzbel\u00e4geGegenstanzbel\u00e4ge \/ rotationstanzenHochleistungs-Gegenstanzbel\u00e4ge f\u00fcr maximale Standzeit Unsere Premium-Polyurethan-Gegenstanzbel\u00e4ge sind auf au\u00dfergew\u00f6hnliche Haltbarkeit ausgelegt und bieten eine hervorragende Best\u00e4ndigkeit gegen Schnitte, Risse und Verschlei\u00df. Dank einer leichten integrierten Glasfasergewebe-Verst\u00e4rkung sowie eines innovativen Puzzle-\/Knuckle-Verriegelungssystems erm\u00f6glichen sie eine einfache Montage und einen gleichm\u00e4\u00dfigen, ruhigen Lauf. Alternativ stehen weitere Verriegelungssysteme zur Verf\u00fcgung, um unterschiedlichste technische Anforderungen optimal zu erf\u00fcllen. Flexible H\u00e4rtegrade und individuelle Oberfl\u00e4chen Abh\u00e4ngig von Ihrer Anwendung bieten wir verschiedene H\u00e4rtegrade sowie kundenspezifische Oberfl\u00e4chenstrukturen, die exakt auf Ihre Produktionsbedingungen abgestimmt werden. Pr\u00e4zise Fertigung und flexible Designoptionen machen unsere Gegenstanzbel\u00e4ge zu einer zuverl\u00e4ssigen und langlebigen L\u00f6sung f\u00fcr anspruchsvolle Verarbeitungsprozesse. Umfassende Referenzdatenbank \u2013 schnell zur passenden L\u00f6sung Wir verf\u00fcgen \u00fcber eine umfangreiche Datenbank, die nahezu alle g\u00e4ngigen Gegenstanzbel\u00e4ge-Referenzen f\u00fcr Rotationsstanzen abdeckt. In den meisten F\u00e4llen gen\u00fcgt die OEM-Nummer, um ein passgenaues Angebot zu erstellen. Alternativ reichen oft auch einfache Ma\u00dfangaben, um Ihre Anfrage schnell zu bearbeiten. Ma\u00dfgeschneiderte Gegenstanzbel\u00e4ge nach Ihren Vorgaben Neben Standardl\u00f6sungen fertigen wir auch ma\u00dflich individuell angepasste Gegenstanzbel\u00e4ge, einschlie\u00dflich kundenspezifischer Dicken- und Breitenoptionen, um eine perfekte Passform f\u00fcr Ihre Anwendung zu gew\u00e4hrleisten.<div class=\"et_pb_module dsm_image_hotspots dsm_image_hotspots_0\">\n\t\t\t\t\n\t\t\t\t\n\t\t\t\t\n\t\t\t\t\n\t\t\t\t\n\t\t\t\t\n\t\t\t\t<div class=\"et_pb_module_inner\">\n\t\t\t\t\t\n\t\t\t\n\t\t\t<div class=\"dsm_image_hotspots_wrap\"  data-dsm-tooltip-animation=\"fade\" data-dsm-hotspot=\"dsm_image_hotspots_0\" data-tippy-delay=\"[50, 50]\" data-tippy-trigger=\"mouseenter\"><div class=\"dsm_image_hotspots_img_wrap\"><img decoding=\"async\" src=\"https:\/\/vokore.de\/wp-content\/uploads\/2025\/12\/Anvil.jpg\" alt=\"\" title=\"Anvil\" srcset=\"https:\/\/vokore.de\/wp-content\/uploads\/2025\/12\/Anvil.jpg 2000w, https:\/\/vokore.de\/wp-content\/uploads\/2025\/12\/Anvil-1280x853.jpg 1280w, https:\/\/vokore.de\/wp-content\/uploads\/2025\/12\/Anvil-980x653.jpg 980w, https:\/\/vokore.de\/wp-content\/uploads\/2025\/12\/Anvil-480x320.jpg 480w\" sizes=\"(min-width: 0px) and (max-width: 480px) 480px, (min-width: 481px) and (max-width: 980px) 980px, (min-width: 981px) and (max-width: 1280px) 1280px, (min-width: 1281px) 2000px, 100vw\" \/><\/div><\/div>\n\t\t\t\n\t\t\t\t<\/div>\n\t\t\t<\/div><div class=\"et_pb_with_border dsm_image_hotspots_child dsm_image_hotspots_child_0\">\n\t\t\t\t\n\t\t\t\t\n\t\t\t\t\n\t\t\t\t\n\t\t\t\t<div class=\"dsm_image_hotspot_pulse\"><\/div><div class=\"dsm_image_hotspots_wrapper\" data-tippy-arrow=\"true\" data-tippy-placement=\"top\" data-slug=\"dsm_image_hotspots_child_0\"><span class=\"dsm_image_hotspots_icon et-pb-icon\"><span>L<\/span><\/span><\/div><div class=\"dsm_image_hotspot_tooltip et_pb_bg_layout_dark\"><div class=\"dsm_image_tooltip_content\">91 Shore H\u00e4rte f\u00fcr lange Standzeiten<\/div><\/div>\n\t\t\t<\/div><div class=\"dsm_image_hotspots_child dsm_image_hotspots_child_1\">\n\t\t\t\t\n\t\t\t\t\n\t\t\t\t\n\t\t\t\t\n\t\t\t\t<div class=\"dsm_image_hotspots_wrapper\" data-tippy-arrow=\"true\" data-tippy-placement=\"top\" data-slug=\"dsm_image_hotspots_child_1\"><span class=\"dsm_image_hotspots_icon et-pb-icon\"><span>L<\/span><\/span><\/div><div class=\"dsm_image_hotspot_tooltip et_pb_bg_layout_dark\"><\/div>\n\t\t\t<\/div><\/p>","protected":false},"author":1,"featured_media":0,"parent":0,"menu_order":0,"comment_status":"closed","ping_status":"closed","template":"","meta":{"_et_pb_use_builder":"on","_et_pb_old_content":"","_et_gb_content_width":"","footnotes":""},"class_list":["post-597","page","type-page","status-publish","hentry"],"yoast_head":"<!-- This site is optimized with the Yoast SEO plugin v26.7 - https:\/\/yoast.com\/wordpress\/plugins\/seo\/ -->\n<title>Gegenstanzbel\u00e4ge f\u00fcr Wellpappenanlagen | Vokore<\/title>\n<meta name=\"description\" content=\"Hochwertige Gegenstanzbel\u00e4ge f\u00fcr pr\u00e4zise Stanzbilder. Langlebig, passgenau und optimal abgestimmt auf Wellpappenmaschinen.\" \/>\n<meta name=\"robots\" content=\"index, follow, max-snippet:-1, max-image-preview:large, max-video-preview:-1\" \/>\n<link rel=\"canonical\" href=\"https:\/\/vokore.de\/en\/gegenstanzbelaege\/\" \/>\n<meta property=\"og:locale\" content=\"en_GB\" \/>\n<meta property=\"og:type\" content=\"article\" \/>\n<meta property=\"og:title\" content=\"Gegenstanzbel\u00e4ge f\u00fcr Wellpappenanlagen | Vokore\" \/>\n<meta property=\"og:description\" content=\"Hochwertige Gegenstanzbel\u00e4ge f\u00fcr pr\u00e4zise Stanzbilder. Langlebig, passgenau und optimal abgestimmt auf Wellpappenmaschinen.\" \/>\n<meta property=\"og:url\" content=\"https:\/\/vokore.de\/en\/gegenstanzbelaege\/\" \/>\n<meta property=\"og:site_name\" content=\"vokore\" \/>\n<meta property=\"article:modified_time\" content=\"2025-12-17T09:31:48+00:00\" \/>\n<meta name=\"twitter:card\" content=\"summary_large_image\" \/>\n<meta name=\"twitter:label1\" content=\"Estimated reading time\" \/>\n\t<meta name=\"twitter:data1\" content=\"2 minutes\" \/>\n<script type=\"application\/ld+json\" class=\"yoast-schema-graph\">{\"@context\":\"https:\/\/schema.org\",\"@graph\":[{\"@type\":\"WebPage\",\"@id\":\"https:\/\/vokore.de\/gegenstanzbelaege\/\",\"url\":\"https:\/\/vokore.de\/gegenstanzbelaege\/\",\"name\":\"Gegenstanzbel\u00e4ge f\u00fcr Wellpappenanlagen | Vokore\",\"isPartOf\":{\"@id\":\"https:\/\/vokore.aweos.dev\/#website\"},\"datePublished\":\"2025-09-23T10:39:53+00:00\",\"dateModified\":\"2025-12-17T09:31:48+00:00\",\"description\":\"Hochwertige Gegenstanzbel\u00e4ge f\u00fcr pr\u00e4zise Stanzbilder. Langlebig, passgenau und optimal abgestimmt auf Wellpappenmaschinen.\",\"breadcrumb\":{\"@id\":\"https:\/\/vokore.de\/gegenstanzbelaege\/#breadcrumb\"},\"inLanguage\":\"en-GB\",\"potentialAction\":[{\"@type\":\"ReadAction\",\"target\":[\"https:\/\/vokore.de\/gegenstanzbelaege\/\"]}]},{\"@type\":\"BreadcrumbList\",\"@id\":\"https:\/\/vokore.de\/gegenstanzbelaege\/#breadcrumb\",\"itemListElement\":[{\"@type\":\"ListItem\",\"position\":1,\"name\":\"Start\",\"item\":\"https:\/\/vokore.de\/\"},{\"@type\":\"ListItem\",\"position\":2,\"name\":\"Gegenstanzbel\u00e4ge\"}]},{\"@type\":\"WebSite\",\"@id\":\"https:\/\/vokore.aweos.dev\/#website\",\"url\":\"https:\/\/vokore.aweos.dev\/\",\"name\":\"vokore\",\"description\":\"\",\"potentialAction\":[{\"@type\":\"SearchAction\",\"target\":{\"@type\":\"EntryPoint\",\"urlTemplate\":\"https:\/\/vokore.aweos.dev\/?s={search_term_string}\"},\"query-input\":{\"@type\":\"PropertyValueSpecification\",\"valueRequired\":true,\"valueName\":\"search_term_string\"}}],\"inLanguage\":\"en-GB\"}]}<\/script>\n<!-- \/ Yoast SEO plugin. -->","yoast_head_json":{"title":"Gegenstanzbel\u00e4ge f\u00fcr Wellpappenanlagen | Vokore","description":"Hochwertige Gegenstanzbel\u00e4ge f\u00fcr pr\u00e4zise Stanzbilder. Langlebig, passgenau und optimal abgestimmt auf Wellpappenmaschinen.","robots":{"index":"index","follow":"follow","max-snippet":"max-snippet:-1","max-image-preview":"max-image-preview:large","max-video-preview":"max-video-preview:-1"},"canonical":"https:\/\/vokore.de\/en\/gegenstanzbelaege\/","og_locale":"en_GB","og_type":"article","og_title":"Gegenstanzbel\u00e4ge f\u00fcr Wellpappenanlagen | Vokore","og_description":"Hochwertige Gegenstanzbel\u00e4ge f\u00fcr pr\u00e4zise Stanzbilder. Langlebig, passgenau und optimal abgestimmt auf Wellpappenmaschinen.","og_url":"https:\/\/vokore.de\/en\/gegenstanzbelaege\/","og_site_name":"vokore","article_modified_time":"2025-12-17T09:31:48+00:00","twitter_card":"summary_large_image","twitter_misc":{"Estimated reading time":"2 minutes"},"schema":{"@context":"https:\/\/schema.org","@graph":[{"@type":"WebPage","@id":"https:\/\/vokore.de\/gegenstanzbelaege\/","url":"https:\/\/vokore.de\/gegenstanzbelaege\/","name":"Gegenstanzbel\u00e4ge f\u00fcr Wellpappenanlagen | Vokore","isPartOf":{"@id":"https:\/\/vokore.aweos.dev\/#website"},"datePublished":"2025-09-23T10:39:53+00:00","dateModified":"2025-12-17T09:31:48+00:00","description":"Hochwertige Gegenstanzbel\u00e4ge f\u00fcr pr\u00e4zise Stanzbilder. Langlebig, passgenau und optimal abgestimmt auf Wellpappenmaschinen.","breadcrumb":{"@id":"https:\/\/vokore.de\/gegenstanzbelaege\/#breadcrumb"},"inLanguage":"en-GB","potentialAction":[{"@type":"ReadAction","target":["https:\/\/vokore.de\/gegenstanzbelaege\/"]}]},{"@type":"BreadcrumbList","@id":"https:\/\/vokore.de\/gegenstanzbelaege\/#breadcrumb","itemListElement":[{"@type":"ListItem","position":1,"name":"Start","item":"https:\/\/vokore.de\/"},{"@type":"ListItem","position":2,"name":"Gegenstanzbel\u00e4ge"}]},{"@type":"WebSite","@id":"https:\/\/vokore.aweos.dev\/#website","url":"https:\/\/vokore.aweos.dev\/","name":"vokore","description":"","potentialAction":[{"@type":"SearchAction","target":{"@type":"EntryPoint","urlTemplate":"https:\/\/vokore.aweos.dev\/?s={search_term_string}"},"query-input":{"@type":"PropertyValueSpecification","valueRequired":true,"valueName":"search_term_string"}}],"inLanguage":"en-GB"}]}},"_links":{"self":[{"href":"https:\/\/vokore.de\/en\/wp-json\/wp\/v2\/pages\/597","targetHints":{"allow":["GET"]}}],"collection":[{"href":"https:\/\/vokore.de\/en\/wp-json\/wp\/v2\/pages"}],"about":[{"href":"https:\/\/vokore.de\/en\/wp-json\/wp\/v2\/types\/page"}],"author":[{"embeddable":true,"href":"https:\/\/vokore.de\/en\/wp-json\/wp\/v2\/users\/1"}],"replies":[{"embeddable":true,"href":"https:\/\/vokore.de\/en\/wp-json\/wp\/v2\/comments?post=597"}],"version-history":[{"count":16,"href":"https:\/\/vokore.de\/en\/wp-json\/wp\/v2\/pages\/597\/revisions"}],"predecessor-version":[{"id":1395,"href":"https:\/\/vokore.de\/en\/wp-json\/wp\/v2\/pages\/597\/revisions\/1395"}],"wp:attachment":[{"href":"https:\/\/vokore.de\/en\/wp-json\/wp\/v2\/media?parent=597"}],"curies":[{"name":"wp","href":"https:\/\/api.w.org\/{rel}","templated":true}]}}